{"id":27753,"date":"2024-12-05T06:47:40","date_gmt":"2024-12-05T06:47:40","guid":{"rendered":"https:\/\/siruba.com\/product\/lks-1900d\/"},"modified":"2025-01-20T07:04:13","modified_gmt":"2025-01-20T07:04:13","slug":"lks-1900d","status":"publish","type":"product","link":"https:\/\/siruba.com\/vn\/product\/lks-1900d\/","title":{"rendered":"LKS-1900D"},"content":{"rendered":"\n<div class=\"relative overflow-hidden mt-[50px] xl:mt-[68px] max-w-[1920px] mx-auto\">\n  <script>\n      document.addEventListener('DOMContentLoaded', () => {\n        const swiper = new Swiper(\".productSwiper\", {\n          pagination: {\n            el: \".swiper-pagination\",\n          },\n        });\n      })\n  <\/script>\n    <img decoding=\"async\" src=\"https:\/\/siruba.com\/wp-content\/uploads\/2024\/10\/bg-product-post.png\" alt=\"Background image\" class=\"absolute inset-0 w-full h-full object-cover z-0\">\n    <div class=\"absolute inset-0 w-full h-full bg-gradient-to-r from-primarylight to-primary opacity-90 z-10\"><\/div>\n    <div class=\"relative z-20 max-w-[1200px] mx-auto\">\n      <div class=\"grid grid-cols-1 md:grid-cols-2\">\n        <div class=\"relative\">\n          <img decoding=\"async\" src=\"https:\/\/siruba.com\/wp-content\/uploads\/2024\/10\/bg-product.png\" alt=\"Background\" class=\"absolute inset-0 w-full h-full object-cover z-0\">\n          <div class=\"swiper productSwiper relative w-full z-10\">\n            <div class=\"swiper-wrapper\">\n                          <div class=\"swiper-slide\">\n                <img decoding=\"async\" src=\"https:\/\/siruba.com\/wp-content\/uploads\/2024\/12\/LKS-1900D-Series_Computer-controlled-machine_photo.png\" alt=\"Product image\" class=\"mx-auto\">\n              <\/div>\n                        <\/div>\n            <div class=\"swiper-pagination\"><\/div>\n          <\/div>\n        <\/div>\n        <div class=\"mx-[12px] my-[30px] md:ml-[80px] md:my-auto md:py-[30px]\">\n          <div x-fade:left=\"{delay: 200}\" class=\"text-4xl text-white\">LKS-1900D<\/div>\n          <div x-fade:left=\"{delay: 200}\" class=\"text-2xl text-white\">M\u00e1y may c\u00f4ng nghi\u1ec7p \u0111\u00ednh b\u1ecd \u0111i\u1ec7n t\u1eed<\/div>\n          <hr x-clip=\"{delay: 400}\" class=\"border-white my-[20px]\">\n          <div x-fade:left=\"{delay: 600}\" class=\"\">\n            <div class=\"text-base text-white my-[20px]\"><\/div>\n                        <a href=\"https:\/\/siruba.com\/vn\/\/vn\/download\/lks-1900d-series_parts-list\" class=\"flex gap-[8px] group my-[10px]\">\n              <img class=\"text-white svg-fill-current my-auto min-w-[24px] min-h-[24px] group-hover:opacity-50\" data-src=\"https:\/\/siruba.com\/wp-content\/themes\/siruba\/assets\/svg\/icon-utility-download.svg\" alt=\"Download button\">\n              <div class=\"text-base text-white group-hover:opacity-50\">LKS-1900D B\u1ea3n V\u1ebd Linh Ki\u1ec7n<\/div>\n            <\/a>\n                        <div class=\"inline-block w-full\">\n              <div class=\"flex flex-wrap\">\n                                    <a href=\"https:\/\/siruba.com\/electronic-control-parameter-manual\/\" target=\"\">\n                      <button class=\"button-white flex items-center gap-[8px] mb-[10px] mr-[20px]\">\n                          <img class=\"svg-fill-current inline-block min-w-[28px] min-h-[28px]\" data-src=\"https:\/\/siruba.com\/wp-content\/uploads\/2024\/10\/CONTROL-BOX2.svg\">\n                          <div class=\"text-base\">S\u1ed5 tay \u0111i\u1ec1u khi\u1ec3n \u0111i\u1ec7n t\u1eed<\/div>\n                      <\/button>\n                  <\/a>\n                                    <button onclick=\"smoother.scrollTo('#contactus_pre_defined',true,'top 120px')\" class=\"button-white flex items-center gap-[8px] mr-[20px] mb-[10px]\">\n                      <img class=\"svg-fill-current inline-block min-w-[28px] min-h-[28px]\" data-src=\"https:\/\/siruba.com\/wp-content\/themes\/siruba\/assets\/svg\/icon-utility-price.svg\">\n                      <div class=\"text-base\">B\u00e1o gi\u00e1 tr\u1ef1c tuy\u1ebfn<\/div>\n                  <\/button>\n                                <\/div>\n            <\/div>\n                    \n          <\/div>\n        <\/div>\n      <\/div>\n    <\/div>\n<\/div>\n\n\n\n\n<section class=\"max-w-[1200px] mx-[12px] md:mx-[40px] xl:mx-auto my-[30px]\">\n    <div class=\"relative w-full border-b border-grey-100 flex overflow-x-auto\" id=\"scroll-menu-container\">\n    <!-- Left arrow (initially hidden) -->\n    <div id=\"left-arrow\" class=\"absolute left-[0px] top-1\/2 z-30 flex items-center justify-center p-2 rounded-full transform -translate-y-1\/2 cursor-pointer bg-black\/40 hover:bg-black\/20 hover:text-primary hover:border-primary text-white svg-fill-current border-white border-2 transition-colors duration-300 w-[32px] h-[32px] hidden\">\n        <img data-src=\"https:\/\/siruba.com\/wp-content\/themes\/siruba\/assets\/svg\/icon-utility-arrow-2.svg\" class=\"h-[17px] w-[17px] transform rotate-180\" alt=\"Previous\">\n    <\/div>\n\n    <!-- Scrollable Menu -->\n    <div class=\"w-full flex overflow-x-auto\" id=\"scroll-menu\">\n                \n                <a href=\"#\" @click.prevent=\"scrollto('#specification')\" class=\"whitespace-nowrap text-lg text-primary px-[20px] py-[10px] border-b-[2px] border-primary\">Th\u00f4ng s\u1ed1 k\u1ef9 thu\u1eadt s\u1ea3n ph\u1ea9m<\/a>\n                    \n                <a href=\"#\" @click.prevent=\"scrollto('#Features')\" class=\"whitespace-nowrap text-lg text-grey-700 px-[20px] py-[10px]\">T\u00ednh n\u0103ng s\u1ea3n ph\u1ea9m<\/a>\n                <\/div>\n\n    <!-- Right arrow -->\n    <div id=\"right-arrow\" class=\"absolute right-[0px] top-1\/2 z-30 flex items-center justify-center p-2 rounded-full transform -translate-y-1\/2 cursor-pointer bg-black\/40 hover:bg-black\/20 hover:text-primary hover:border-primary text-white svg-fill-current border-white border-2 transition-colors duration-300 w-[32px] h-[32px]\">\n        <img data-src=\"https:\/\/siruba.com\/wp-content\/themes\/siruba\/assets\/svg\/icon-utility-arrow-2.svg\" class=\"h-[17px] w-[17px] transform rotate-0\" alt=\"Next\">\n    <\/div>\n\n    <script>\n        document.addEventListener('DOMContentLoaded', () => {\n            const scrollMenu = document.getElementById('scroll-menu');\n            const leftArrow = document.getElementById('left-arrow');\n            const rightArrow = document.getElementById('right-arrow');\n\n            \/\/ Function to update arrow visibility based on scroll position\n            function updateArrows() {\n                \/\/ Show left arrow if scrolled right, otherwise hide it\n                if (scrollMenu.scrollLeft > 0) {\n                    leftArrow.style.display = 'flex';\n                } else {\n                    leftArrow.style.display = 'none';\n                }\n\n                \/\/ Show right arrow if not scrolled to the end, otherwise hide it\n                if (scrollMenu.scrollLeft + scrollMenu.offsetWidth < scrollMenu.scrollWidth) {\n                    rightArrow.style.display = 'flex';\n                } else {\n                    rightArrow.style.display = 'none';\n                }\n            }\n\n            \/\/ Check the scroll position and update arrows when the page loads\n            window.addEventListener('load', () => {\n                updateArrows();\n            });\n\n            \/\/ Listen to the scroll event and update arrow visibility accordingly\n            scrollMenu.addEventListener('scroll', updateArrows);\n\n            \/\/ Scroll right when the right arrow is clicked\n            rightArrow.addEventListener('click', () => {\n                scrollMenu.scrollBy({ left: 200, behavior: 'smooth' });\n            });\n\n            \/\/ Scroll left when the left arrow is clicked\n            leftArrow.addEventListener('click', () => {\n                scrollMenu.scrollBy({ left: -200, behavior: 'smooth' });\n            });\n        })\n    <\/script>\n    <\/div>\n<\/section>\n\n\n\n<div class=\"relative\">\n  <div id=\"specification\" class=\"\" style=\"position: absolute; top: -75px;\">\n  <\/div>\n<\/div>\n\n\n\n<div class=\"max-w-[1200px] mx-[12px] md:mx-[40px] xl:mx-auto mt-[28px]\">\n  <img decoding=\"async\" src=\"https:\/\/siruba.com\/wp-content\/uploads\/2025\/01\/LKS-1900D_SPEC1_VI.jpg\" alt=\"image\" class=\"w-full\">\n<\/div>\n\n\n\n<div class=\"relative\">\n  <div id=\"Features\" class=\"\" style=\"position: absolute; top: -75px;\">\n  <\/div>\n<\/div>\n\n\n\n<div class=\"max-w-[1200px] mx-[12px] md:mx-[40px] xl:mx-auto mt-[28px]\">\n  <div class=\"text-3xl mb-[8px]\">T\u00ednh n\u0103ng s\u1ea3n ph\u1ea9m<\/div>\n  <div class=\"text-base text-grey-700 ml-[8px]\"><\/div>\n<\/div>\n\n\n\n\n<div class=\"wp-block-group padding-left-12  padding-right-12 is-layout-constrained wp-container-core-group-is-layout-48c9aa2a wp-block-group-is-layout-constrained\">\n<div class=\"wp-block-columns is-layout-flex wp-container-core-columns-is-layout-9d6595d7 wp-block-columns-is-layout-flex\">\n<div class=\"wp-block-column is-vertically-aligned-top is-layout-flow wp-block-column-is-layout-flow\" style=\"flex-basis:30%\">\n<p>\u25cf T\u1eadp trung v\u00e0o ch\u1ea5t l\u01b0\u1ee3ng, hi\u1ec7u qu\u1ea3 v\u00e0 hi\u1ec7u su\u1ea5t.<br>\u25cf H\u1ed9p \u0111i\u1ec1u khi\u1ec3n v\u00e0 \u0111\u1ea7u m\u00e1y k\u1ebft n\u1ed1i v\u1edbi nhau; c\u00e0i \u0111\u1eb7t d\u1ec5 d\u00e0ng h\u01a1n.<br>\u25cf B\u1ea3ng \u0111i\u1ec1u khi\u1ec3n ho\u00e0n to\u00e0n m\u1edbi, d\u1ec5 s\u1eed d\u1ee5ng.<br>\u25cf Thi\u1ebft k\u1ebf m\u1edbi cho b\u1ed9 n\u00e2ng ch\u00e2n v\u1ecbt t\u1ef1 \u0111\u1ed9ng v\u00e0 b\u1ed9 c\u1eaft ch\u1ec9 t\u1ef1 \u0111\u1ed9ng; nhanh h\u01a1n<br>v\u00e0 hi\u1ec7u su\u1ea5t \u1ed5n \u0111\u1ecbnh h\u01a1n.<br>\u25cf \u0110\u1ea7u m\u00e1y c\u00f3 k\u1ebft c\u1ea5u kh\u00f4ng d\u1ea7u; kh\u00f4ng c\u00f3 v\u1ebft d\u1ea7u; th\u00e2n thi\u1ec7n v\u1edbi m\u00f4i tr\u01b0\u1eddng.<br>\u25cf K\u1ebft c\u1ea5u b\u00f4i tr\u01a1n k\u00edn; ti\u1ebfng \u1ed3n th\u1ea5p; tu\u1ed5i th\u1ecd d\u00e0i h\u01a1n.<\/p>\n<\/div>\n\n\n\n<div class=\"wp-block-column is-vertically-aligned-top is-layout-flow wp-block-column-is-layout-flow\" style=\"flex-basis:70%\">\n<p><strong>1.Ch\u1ea5t l\u01b0\u1ee3ng \u0111\u01b0\u1eddng may xu\u1ea5t s\u1eafc:<\/strong><br>V\u1edbi c\u01a1 ch\u1ebf k\u1eb9p ch\u1ec9 kim, gi\u00fap ng\u0103n ch\u1eb7n ch\u1ec9 tu\u1ed9t kh\u1ecfi l\u1ed7 kim khi b\u1eaft \u0111\u1ea7u may, \u0111\u1ed3ng th\u1eddi gi\u1ea3i quy\u1ebft v\u1ea5n \u0111\u1ec1 r\u1ed1i ch\u1ec9 \u1edf m\u1eb7t d\u01b0\u1edbi v\u00e0 v\u1ea5n \u0111\u1ec1 d\u00ednh d\u1ea7u. Nh\u1edd c\u01a1 ch\u1ebf c\u1eaft ch\u1ec9 ti\u00ean ti\u1ebfn, ph\u1ea7n ch\u1ec9 c\u00f2n l\u1ea1i c\u00f3 th\u1ec3 \u0111\u01b0\u1ee3c r\u00fat ng\u1eafn.<\/p>\n\n\n\n<p><strong>2.H\u1ec7 th\u1ed1ng \u0111i\u1ec1u khi\u1ec3n k\u00edn:<\/strong><br>H\u1ec7 th\u1ed1ng \u0111i\u1ec1u khi\u1ec3n k\u00edn \u0111\u1ed9ng c\u01a1 b\u01b0\u1edbc c\u00f3 th\u1ec3 gi\u00e1m s\u00e1t t\u1ee9c th\u1eddi chuy\u1ec3n \u0111\u1ed9ng c\u01a1 h\u1ecdc, c\u1ea3 b\u00f9 \u0111\u1eafp v\u00e0 s\u1eeda ch\u1eefa sai l\u1ec7ch, gi\u1ea3m th\u1eddi gian ph\u1ea3n h\u1ed3i, n\u00e2ng cao hi\u1ec7u su\u1ea5t v\u00e0 \u0111\u1ed9 ch\u00ednh x\u00e1c, \u0111\u1ea3m b\u1ea3o n\u0103ng su\u1ea5t.<\/p>\n\n\n\n<p><strong>3. Ch\u1ea5t l\u01b0\u1ee3ng may v\u01b0\u1ee3t tr\u1ed9i:<\/strong><br>\u0110\u01b0\u1ee3c trang b\u1ecb c\u01a1 c\u1ea5u k\u1eb9p ch\u1ec9 m\u1eb7t. C\u01a1 c\u1ea5u n\u00e0y gi\u00fap ng\u0103n ng\u1eeba t\u00ecnh tr\u1ea1ng l\u1ecfng ch\u1ec9 khi b\u1eaft \u0111\u1ea7u may, hi\u1ec7n t\u01b0\u1ee3ng t\u1ed5 chim \u1edf m\u1eb7t sau c\u1ee7a v\u1ea3i, v\u00e0 lo\u1ea1i b\u1ecf nguy c\u01a1 ch\u1ec9 m\u1eb7t b\u1ecb b\u1ea9n. B\u1eb1ng c\u00e1ch c\u1ea3i ti\u1ebfn th\u00eam c\u01a1 c\u1ea5u c\u1eaft ch\u1ec9, l\u01b0\u1ee3ng ch\u1ec9 th\u1eeba c\u00f2n l\u1ea1i \u1edf m\u1eb7t sau c\u1ee7a v\u1ea3i sau khi c\u1eaft \u0111\u01b0\u1ee3c gi\u1ea3m t\u1ed1i thi\u1ec3u.<\/p>\n<\/div>\n<\/div>\n\n\n\n<div class=\"wp-block-columns is-layout-flex wp-container-core-columns-is-layout-9d6595d7 wp-block-columns-is-layout-flex\">\n<div class=\"wp-block-column is-vertically-aligned-center is-layout-flow wp-block-column-is-layout-flow\" style=\"flex-basis:50%\">\n<table style=\"height: 178px; width: 97.3373%;\" width=\"100%\">\n<tbody>\n<tr style=\"height: 53px;\">\n<td style=\"height: 79px; width: 199.722%; text-align: center;\" colspan=\"3\" width=\"124\">V\u00f2ng k\u00edn v\u00e0 v\u00f2ng h\u1edf<\/td>\n<\/tr>\n<tr style=\"height: 53px;\">\n<td style=\"height: 28px; width: 30.5888%; text-align: center;\"><strong>H\u1ea1ng m\u1ee5c <\/strong><\/td>\n<td style=\"height: 28px; width: 32.1014%; text-align: center;\" width=\"96\">H\u1ec7 th\u1ed1ng ph\u1ea3n h\u1ed3i<\/td>\n<td style=\"height: 28px; width: 137.032%; text-align: center;\">B\u00f9 tr\u1eeb t\u1ee9c th\u1eddi cho \u0111\u1ed9 l\u1ec7ch chuy\u1ec3n \u0111\u1ed9ng<\/td>\n<\/tr>\n<tr style=\"height: 52px;\">\n<td style=\"height: 35px; width: 30.5888%; text-align: center;\"><strong>H\u1ec7 th\u1ed1ng v\u00f2ng h\u1edf<\/strong><\/td>\n<td style=\"height: 35px; width: 32.1014%; text-align: center;\" width=\"96\">Kh\u00f4ng<\/td>\n<td style=\"height: 35px; width: 137.032%; text-align: center;\">Kh\u00f4ng<\/td>\n<\/tr>\n<tr style=\"height: 56px;\">\n<td style=\"height: 36px; width: 30.5888%; text-align: center;\"><strong>H\u1ec7 th\u1ed1ng v\u00f2ng k\u00edn<\/strong><\/td>\n<td style=\"height: 36px; width: 32.1014%; text-align: center;\" width=\"96\">C\u00f3<\/td>\n<td style=\"height: 36px; width: 137.032%; text-align: center;\">C\u00f3<\/td>\n<\/tr>\n<\/tbody>\n<\/table>\n<\/div>\n\n\n\n<div class=\"wp-block-column is-vertically-aligned-top is-layout-flow wp-block-column-is-layout-flow\" style=\"flex-basis:50%\">\n<figure class=\"wp-block-image size-full\"><img loading=\"lazy\" decoding=\"async\" width=\"580\" height=\"292\" src=\"https:\/\/siruba.com\/wp-content\/uploads\/2025\/01\/LKS-1900D-Serie_SPEC2_VI.jpg\" alt=\"\" class=\"wp-image-27200\" srcset=\"https:\/\/siruba.com\/wp-content\/uploads\/2025\/01\/LKS-1900D-Serie_SPEC2_VI.jpg 580w, https:\/\/siruba.com\/wp-content\/uploads\/2025\/01\/LKS-1900D-Serie_SPEC2_VI-300x151.jpg 300w\" sizes=\"auto, (max-width: 580px) 100vw, 580px\" \/><\/figure>\n<\/div>\n<\/div>\n<\/div>\n\n\n\n<p><\/p>\n","protected":false},"excerpt":{"rendered":"<p>M\u00e1y may c\u00f4ng nghi\u1ec7p \u0111\u00ednh b\u1ecd \u0111i\u1ec7n t\u1eed<\/p>\n","protected":false},"featured_media":21479,"template":"","product-category":[229],"class_list":["post-27753","product","type-product","status-publish","has-post-thumbnail","hentry","product-category-computer-controlled-cycle-machine-vn"],"acf":[],"yoast_head":"<!-- This site is optimized with the Yoast SEO plugin v26.1.1 - https:\/\/yoast.com\/wordpress\/plugins\/seo\/ -->\n<title>LKS-1900D - SiRUBA Sewing Machine | KAULIN Official<\/title>\n<meta name=\"robots\" content=\"index, follow, max-snippet:-1, max-image-preview:large, max-video-preview:-1\" \/>\n<link rel=\"canonical\" href=\"https:\/\/siruba.com\/vn\/product\/lks-1900d\/\" \/>\n<meta property=\"og:locale\" content=\"en_US\" \/>\n<meta property=\"og:type\" content=\"article\" \/>\n<meta property=\"og:title\" content=\"LKS-1900D - SiRUBA Sewing Machine | KAULIN Official\" \/>\n<meta property=\"og:description\" content=\"M\u00e1y may c\u00f4ng nghi\u1ec7p \u0111\u00ednh b\u1ecd \u0111i\u1ec7n t\u1eed\" \/>\n<meta property=\"og:url\" content=\"https:\/\/siruba.com\/vn\/product\/lks-1900d\/\" \/>\n<meta property=\"og:site_name\" content=\"SiRUBA Sewing Machine | KAULIN Official\" \/>\n<meta property=\"article:modified_time\" content=\"2025-01-20T07:04:13+00:00\" \/>\n<meta property=\"og:image\" content=\"https:\/\/siruba.com\/wp-content\/uploads\/2024\/12\/LKS-1900D-Series_Computer-controlled-machine_photo.png\" \/>\n\t<meta property=\"og:image:width\" content=\"600\" \/>\n\t<meta property=\"og:image:height\" content=\"600\" \/>\n\t<meta property=\"og:image:type\" content=\"image\/png\" \/>\n<meta name=\"twitter:card\" content=\"summary_large_image\" \/>\n<meta name=\"twitter:label1\" content=\"Est. reading time\" \/>\n\t<meta name=\"twitter:data1\" content=\"3 minutes\" \/>\n<script type=\"application\/ld+json\" class=\"yoast-schema-graph\">{\"@context\":\"https:\/\/schema.org\",\"@graph\":[{\"@type\":\"WebPage\",\"@id\":\"https:\/\/siruba.com\/vn\/product\/lks-1900d\/\",\"url\":\"https:\/\/siruba.com\/vn\/product\/lks-1900d\/\",\"name\":\"LKS-1900D - SiRUBA Sewing Machine | KAULIN Official\",\"isPartOf\":{\"@id\":\"https:\/\/siruba.com\/#website\"},\"primaryImageOfPage\":{\"@id\":\"https:\/\/siruba.com\/vn\/product\/lks-1900d\/#primaryimage\"},\"image\":{\"@id\":\"https:\/\/siruba.com\/vn\/product\/lks-1900d\/#primaryimage\"},\"thumbnailUrl\":\"https:\/\/siruba.com\/wp-content\/uploads\/2024\/12\/LKS-1900D-Series_Computer-controlled-machine_photo.png\",\"datePublished\":\"2024-12-05T06:47:40+00:00\",\"dateModified\":\"2025-01-20T07:04:13+00:00\",\"breadcrumb\":{\"@id\":\"https:\/\/siruba.com\/vn\/product\/lks-1900d\/#breadcrumb\"},\"inLanguage\":\"vn\",\"potentialAction\":[{\"@type\":\"ReadAction\",\"target\":[\"https:\/\/siruba.com\/vn\/product\/lks-1900d\/\"]}]},{\"@type\":\"ImageObject\",\"inLanguage\":\"vn\",\"@id\":\"https:\/\/siruba.com\/vn\/product\/lks-1900d\/#primaryimage\",\"url\":\"https:\/\/siruba.com\/wp-content\/uploads\/2024\/12\/LKS-1900D-Series_Computer-controlled-machine_photo.png\",\"contentUrl\":\"https:\/\/siruba.com\/wp-content\/uploads\/2024\/12\/LKS-1900D-Series_Computer-controlled-machine_photo.png\",\"width\":600,\"height\":600},{\"@type\":\"BreadcrumbList\",\"@id\":\"https:\/\/siruba.com\/vn\/product\/lks-1900d\/#breadcrumb\",\"itemListElement\":[{\"@type\":\"ListItem\",\"position\":1,\"name\":\"Home\",\"item\":\"https:\/\/siruba.com\/vn\/\"},{\"@type\":\"ListItem\",\"position\":2,\"name\":\"Products\",\"item\":\"https:\/\/siruba.com\/product\/\"},{\"@type\":\"ListItem\",\"position\":3,\"name\":\"LKS-1900D\"}]},{\"@type\":\"WebSite\",\"@id\":\"https:\/\/siruba.com\/#website\",\"url\":\"https:\/\/siruba.com\/\",\"name\":\"SiRUBA Sewing Machine | KAULIN Official\",\"description\":\"KAULIN MFG. CO., LTD.,  found in 1965, and for half a century, we develop and manufacture industrial sewing machines, to provide service and solution all around the world for our customers and partners.\",\"potentialAction\":[{\"@type\":\"SearchAction\",\"target\":{\"@type\":\"EntryPoint\",\"urlTemplate\":\"https:\/\/siruba.com\/?s={search_term_string}\"},\"query-input\":{\"@type\":\"PropertyValueSpecification\",\"valueRequired\":true,\"valueName\":\"search_term_string\"}}],\"inLanguage\":\"vn\"}]}<\/script>\n<!-- \/ Yoast SEO plugin. -->","yoast_head_json":{"title":"LKS-1900D - SiRUBA Sewing Machine | KAULIN Official","robots":{"index":"index","follow":"follow","max-snippet":"max-snippet:-1","max-image-preview":"max-image-preview:large","max-video-preview":"max-video-preview:-1"},"canonical":"https:\/\/siruba.com\/vn\/product\/lks-1900d\/","og_locale":"en_US","og_type":"article","og_title":"LKS-1900D - SiRUBA Sewing Machine | KAULIN Official","og_description":"M\u00e1y may c\u00f4ng nghi\u1ec7p \u0111\u00ednh b\u1ecd \u0111i\u1ec7n t\u1eed","og_url":"https:\/\/siruba.com\/vn\/product\/lks-1900d\/","og_site_name":"SiRUBA Sewing Machine | KAULIN Official","article_modified_time":"2025-01-20T07:04:13+00:00","og_image":[{"width":600,"height":600,"url":"https:\/\/siruba.com\/wp-content\/uploads\/2024\/12\/LKS-1900D-Series_Computer-controlled-machine_photo.png","type":"image\/png"}],"twitter_card":"summary_large_image","twitter_misc":{"Est. reading time":"3 minutes"},"schema":{"@context":"https:\/\/schema.org","@graph":[{"@type":"WebPage","@id":"https:\/\/siruba.com\/vn\/product\/lks-1900d\/","url":"https:\/\/siruba.com\/vn\/product\/lks-1900d\/","name":"LKS-1900D - SiRUBA Sewing Machine | KAULIN Official","isPartOf":{"@id":"https:\/\/siruba.com\/#website"},"primaryImageOfPage":{"@id":"https:\/\/siruba.com\/vn\/product\/lks-1900d\/#primaryimage"},"image":{"@id":"https:\/\/siruba.com\/vn\/product\/lks-1900d\/#primaryimage"},"thumbnailUrl":"https:\/\/siruba.com\/wp-content\/uploads\/2024\/12\/LKS-1900D-Series_Computer-controlled-machine_photo.png","datePublished":"2024-12-05T06:47:40+00:00","dateModified":"2025-01-20T07:04:13+00:00","breadcrumb":{"@id":"https:\/\/siruba.com\/vn\/product\/lks-1900d\/#breadcrumb"},"inLanguage":"vn","potentialAction":[{"@type":"ReadAction","target":["https:\/\/siruba.com\/vn\/product\/lks-1900d\/"]}]},{"@type":"ImageObject","inLanguage":"vn","@id":"https:\/\/siruba.com\/vn\/product\/lks-1900d\/#primaryimage","url":"https:\/\/siruba.com\/wp-content\/uploads\/2024\/12\/LKS-1900D-Series_Computer-controlled-machine_photo.png","contentUrl":"https:\/\/siruba.com\/wp-content\/uploads\/2024\/12\/LKS-1900D-Series_Computer-controlled-machine_photo.png","width":600,"height":600},{"@type":"BreadcrumbList","@id":"https:\/\/siruba.com\/vn\/product\/lks-1900d\/#breadcrumb","itemListElement":[{"@type":"ListItem","position":1,"name":"Home","item":"https:\/\/siruba.com\/vn\/"},{"@type":"ListItem","position":2,"name":"Products","item":"https:\/\/siruba.com\/product\/"},{"@type":"ListItem","position":3,"name":"LKS-1900D"}]},{"@type":"WebSite","@id":"https:\/\/siruba.com\/#website","url":"https:\/\/siruba.com\/","name":"SiRUBA Sewing Machine | KAULIN Official","description":"KAULIN MFG. CO., LTD.,  found in 1965, and for half a century, we develop and manufacture industrial sewing machines, to provide service and solution all around the world for our customers and partners.","potentialAction":[{"@type":"SearchAction","target":{"@type":"EntryPoint","urlTemplate":"https:\/\/siruba.com\/?s={search_term_string}"},"query-input":{"@type":"PropertyValueSpecification","valueRequired":true,"valueName":"search_term_string"}}],"inLanguage":"vn"}]}},"_links":{"self":[{"href":"https:\/\/siruba.com\/vn\/wp-json\/wp\/v2\/product\/27753","targetHints":{"allow":["GET"]}}],"collection":[{"href":"https:\/\/siruba.com\/vn\/wp-json\/wp\/v2\/product"}],"about":[{"href":"https:\/\/siruba.com\/vn\/wp-json\/wp\/v2\/types\/product"}],"wp:featuredmedia":[{"embeddable":true,"href":"https:\/\/siruba.com\/vn\/wp-json\/wp\/v2\/media\/21479"}],"wp:attachment":[{"href":"https:\/\/siruba.com\/vn\/wp-json\/wp\/v2\/media?parent=27753"}],"wp:term":[{"taxonomy":"product-category","embeddable":true,"href":"https:\/\/siruba.com\/vn\/wp-json\/wp\/v2\/product-category?post=27753"}],"curies":[{"name":"wp","href":"https:\/\/api.w.org\/{rel}","templated":true}]}}