{"id":27653,"date":"2024-10-03T09:00:17","date_gmt":"2024-10-03T09:00:17","guid":{"rendered":"https:\/\/siruba.com\/product\/dl3880\/"},"modified":"2025-01-15T09:48:33","modified_gmt":"2025-01-15T09:48:33","slug":"dl3880","status":"publish","type":"product","link":"https:\/\/siruba.com\/vn\/product\/dl3880\/","title":{"rendered":"DL3880"},"content":{"rendered":"\n<div class=\"relative overflow-hidden mt-[50px] xl:mt-[68px] max-w-[1920px] mx-auto\">\n  <script>\n      document.addEventListener('DOMContentLoaded', () => {\n        const swiper = new Swiper(\".productSwiper\", {\n          pagination: {\n            el: \".swiper-pagination\",\n          },\n        });\n      })\n  <\/script>\n    <img decoding=\"async\" src=\"https:\/\/siruba.com\/wp-content\/uploads\/2024\/10\/bg-product-post.png\" alt=\"Background image\" class=\"absolute inset-0 w-full h-full object-cover z-0\">\n    <div class=\"absolute inset-0 w-full h-full bg-gradient-to-r from-primarylight to-primary opacity-90 z-10\"><\/div>\n    <div class=\"relative z-20 max-w-[1200px] mx-auto\">\n      <div class=\"grid grid-cols-1 md:grid-cols-2\">\n        <div class=\"relative\">\n          <img decoding=\"async\" src=\"https:\/\/siruba.com\/wp-content\/uploads\/2024\/10\/bg-product.png\" alt=\"Background\" class=\"absolute inset-0 w-full h-full object-cover z-0\">\n          <div class=\"swiper productSwiper relative w-full z-10\">\n            <div class=\"swiper-wrapper\">\n                          <div class=\"swiper-slide\">\n                <img decoding=\"async\" src=\"https:\/\/siruba.com\/wp-content\/uploads\/2024\/12\/DL3880_Chainstitch-Sewing-Machine_photo.png\" alt=\"Product image\" class=\"mx-auto\">\n              <\/div>\n                        <\/div>\n            <div class=\"swiper-pagination\"><\/div>\n          <\/div>\n        <\/div>\n        <div class=\"mx-[12px] my-[30px] md:ml-[80px] md:my-auto md:py-[30px]\">\n          <div x-fade:left=\"{delay: 200}\" class=\"text-4xl text-white\">DL3880<\/div>\n          <div x-fade:left=\"{delay: 200}\" class=\"text-2xl text-white\">M\u00c1Y MAY M\u00d3C X\u00cdCH<\/div>\n          <hr x-clip=\"{delay: 400}\" class=\"border-white my-[20px]\">\n          <div x-fade:left=\"{delay: 600}\" class=\"\">\n            <div class=\"text-base text-white my-[20px]\"><\/div>\n                        <a href=\"https:\/\/siruba.com\/vn\/\/vn\/download\/dl3880_instruction-book-parts-list\" class=\"flex gap-[8px] group my-[10px]\">\n              <img class=\"text-white svg-fill-current my-auto min-w-[24px] min-h-[24px] group-hover:opacity-50\" data-src=\"https:\/\/siruba.com\/wp-content\/themes\/siruba\/assets\/svg\/icon-utility-download.svg\" alt=\"Download button\">\n              <div class=\"text-base text-white group-hover:opacity-50\">DL3880 B\u1ea3n H\u01b0\u1edbng D\u1eabn S\u1eed D\u1ee5ng &#038; B\u1ea3n V\u1ebd Linh Ki\u1ec7n<\/div>\n            <\/a>\n                        <div class=\"inline-block w-full\">\n              <div class=\"flex flex-wrap\">\n                                    <a href=\"https:\/\/siruba.com\/electronic-control-parameter-manual\/\" target=\"\">\n                      <button class=\"button-white flex items-center gap-[8px] mb-[10px] mr-[20px]\">\n                          <img class=\"svg-fill-current inline-block min-w-[28px] min-h-[28px]\" data-src=\"https:\/\/siruba.com\/wp-content\/uploads\/2024\/10\/CONTROL-BOX2.svg\">\n                          <div class=\"text-base\">S\u1ed5 tay \u0111i\u1ec1u khi\u1ec3n \u0111i\u1ec7n t\u1eed<\/div>\n                      <\/button>\n                  <\/a>\n                                    <button onclick=\"smoother.scrollTo('#contactus_pre_defined',true,'top 120px')\" class=\"button-white flex items-center gap-[8px] mr-[20px] mb-[10px]\">\n                      <img class=\"svg-fill-current inline-block min-w-[28px] min-h-[28px]\" data-src=\"https:\/\/siruba.com\/wp-content\/themes\/siruba\/assets\/svg\/icon-utility-price.svg\">\n                      <div class=\"text-base\">B\u00e1o gi\u00e1 tr\u1ef1c tuy\u1ebfn<\/div>\n                  <\/button>\n                                    <a data-lity href=\"https:\/\/youtu.be\/RRtzHX1log4?si=iqH4717a7yYgDH97\">\n                      <button class=\"button-white flex items-center gap-[8px] mb-[10px]\">\n                          <img class=\"svg-fill-current inline-block min-w-[28px] min-h-[28px]\" data-src=\"https:\/\/siruba.com\/wp-content\/themes\/siruba\/assets\/svg\/icon-utility-play-2-24.svg\">\n                          <div class=\"text-base\">Video s\u1ea3n ph\u1ea9m<\/div>\n                      <\/button>\n                  <\/a>\n                                <\/div>\n            <\/div>\n                    \n          <\/div>\n        <\/div>\n      <\/div>\n    <\/div>\n<\/div>\n\n\n\n\n<section class=\"max-w-[1200px] mx-[12px] md:mx-[40px] xl:mx-auto my-[30px]\">\n    <div class=\"relative w-full border-b border-grey-100 flex overflow-x-auto\" id=\"scroll-menu-container\">\n    <!-- Left arrow (initially hidden) -->\n    <div id=\"left-arrow\" class=\"absolute left-[0px] top-1\/2 z-30 flex items-center justify-center p-2 rounded-full transform -translate-y-1\/2 cursor-pointer bg-black\/40 hover:bg-black\/20 hover:text-primary hover:border-primary text-white svg-fill-current border-white border-2 transition-colors duration-300 w-[32px] h-[32px] hidden\">\n        <img data-src=\"https:\/\/siruba.com\/wp-content\/themes\/siruba\/assets\/svg\/icon-utility-arrow-2.svg\" class=\"h-[17px] w-[17px] transform rotate-180\" alt=\"Previous\">\n    <\/div>\n\n    <!-- Scrollable Menu -->\n    <div class=\"w-full flex overflow-x-auto\" id=\"scroll-menu\">\n                \n                <a href=\"#\" @click.prevent=\"scrollto('#specification')\" class=\"whitespace-nowrap text-lg text-primary px-[20px] py-[10px] border-b-[2px] border-primary\">Th\u00f4ng s\u1ed1 k\u1ef9 thu\u1eadt s\u1ea3n ph\u1ea9m<\/a>\n                    \n                <a href=\"#\" @click.prevent=\"scrollto('#Features')\" class=\"whitespace-nowrap text-lg text-grey-700 px-[20px] py-[10px]\">T\u00ednh n\u0103ng s\u1ea3n ph\u1ea9m<\/a>\n                <\/div>\n\n    <!-- Right arrow -->\n    <div id=\"right-arrow\" class=\"absolute right-[0px] top-1\/2 z-30 flex items-center justify-center p-2 rounded-full transform -translate-y-1\/2 cursor-pointer bg-black\/40 hover:bg-black\/20 hover:text-primary hover:border-primary text-white svg-fill-current border-white border-2 transition-colors duration-300 w-[32px] h-[32px]\">\n        <img data-src=\"https:\/\/siruba.com\/wp-content\/themes\/siruba\/assets\/svg\/icon-utility-arrow-2.svg\" class=\"h-[17px] w-[17px] transform rotate-0\" alt=\"Next\">\n    <\/div>\n\n    <script>\n        document.addEventListener('DOMContentLoaded', () => {\n            const scrollMenu = document.getElementById('scroll-menu');\n            const leftArrow = document.getElementById('left-arrow');\n            const rightArrow = document.getElementById('right-arrow');\n\n            \/\/ Function to update arrow visibility based on scroll position\n            function updateArrows() {\n                \/\/ Show left arrow if scrolled right, otherwise hide it\n                if (scrollMenu.scrollLeft > 0) {\n                    leftArrow.style.display = 'flex';\n                } else {\n                    leftArrow.style.display = 'none';\n                }\n\n                \/\/ Show right arrow if not scrolled to the end, otherwise hide it\n                if (scrollMenu.scrollLeft + scrollMenu.offsetWidth < scrollMenu.scrollWidth) {\n                    rightArrow.style.display = 'flex';\n                } else {\n                    rightArrow.style.display = 'none';\n                }\n            }\n\n            \/\/ Check the scroll position and update arrows when the page loads\n            window.addEventListener('load', () => {\n                updateArrows();\n            });\n\n            \/\/ Listen to the scroll event and update arrow visibility accordingly\n            scrollMenu.addEventListener('scroll', updateArrows);\n\n            \/\/ Scroll right when the right arrow is clicked\n            rightArrow.addEventListener('click', () => {\n                scrollMenu.scrollBy({ left: 200, behavior: 'smooth' });\n            });\n\n            \/\/ Scroll left when the left arrow is clicked\n            leftArrow.addEventListener('click', () => {\n                scrollMenu.scrollBy({ left: -200, behavior: 'smooth' });\n            });\n        })\n    <\/script>\n    <\/div>\n<\/section>\n\n\n\n<div class=\"relative\">\n  <div id=\"specification\" class=\"\" style=\"position: absolute; top: -75px;\">\n  <\/div>\n<\/div>\n\n\n\n<div class=\"max-w-[1200px] mx-[12px] md:mx-[40px] xl:mx-auto mt-[28px]\">\n  <img decoding=\"async\" src=\"https:\/\/siruba.com\/wp-content\/uploads\/2024\/12\/DL3880_SPEC_EN.jpg\" alt=\"image\" class=\"w-full\">\n<\/div>\n\n\n\n<div class=\"relative\">\n  <div id=\"Features\" class=\"\" style=\"position: absolute; top: -75px;\">\n  <\/div>\n<\/div>\n\n\n\n<div class=\"wp-block-group padding-left-12  padding-right-12 is-layout-constrained wp-container-core-group-is-layout-48c9aa2a wp-block-group-is-layout-constrained\">\n<div class=\"wp-block-columns is-layout-flex wp-container-core-columns-is-layout-9d6595d7 wp-block-columns-is-layout-flex\">\n<div class=\"wp-block-column is-vertically-aligned-center video-100 is-layout-flow wp-block-column-is-layout-flow\" style=\"flex-basis:50%\">\n<div style=\"height:20px\" aria-hidden=\"true\" class=\"wp-block-spacer hide sm-hide md-show lg-show xl-show\"><\/div>\n\n\n\n<figure class=\"wp-block-embed is-type-video is-provider-youtube wp-block-embed-youtube wp-embed-aspect-16-9 wp-has-aspect-ratio\"><div class=\"wp-block-embed__wrapper\">\n<iframe loading=\"lazy\" title=\"SiRUBA High-Speed Direct-Drive Chainstitch Sewing Machine\u300aDL3883-64\/AP\u300b\" width=\"500\" height=\"281\" src=\"https:\/\/www.youtube.com\/embed\/RRtzHX1log4?feature=oembed\" frameborder=\"0\" allow=\"accelerometer; autoplay; clipboard-write; encrypted-media; gyroscope; picture-in-picture; web-share\" referrerpolicy=\"strict-origin-when-cross-origin\" allowfullscreen><\/iframe>\n<\/div><\/figure>\n<\/div>\n\n\n\n<div class=\"wp-block-column is-vertically-aligned-center wp-embed-aspect-16-9 wp-has-aspect-ratio is-layout-flow wp-block-column-is-layout-flow\" style=\"flex-basis:50%\">\n<div class=\"max-w-[1200px] mx-[12px] md:mx-[40px] xl:mx-auto mt-[28px]\">\n  <div class=\"text-3xl mb-[8px]\">T\u00ednh n\u0103ng s\u1ea3n ph\u1ea9m<\/div>\n  <div class=\"text-base text-grey-700 ml-[8px]\">1. C\u01a1 ch\u1ebf looper s\u1eed d\u1ee5ng m\u1ed9t thi\u1ebft b\u1ecb nghi\u00eang v\u00e0 cong, c\u00f3 th\u1ec3 t\u1ea1o ra \u0111\u1ed9 b\u1ec1n tuy\u1ec7t v\u1eddi.<br \/>\r\n2. \u0110\u01b0\u1eddng may \u0111\u01b0\u1ee3c gia c\u1ed1 gi\u1ed1ng nh\u01b0 m\u00e1y kh\u00e2u kh\u00f3a v\u00e0 c\u00f3 th\u1ec3 \u0111\u01b0\u1ee3c v\u1eadn h\u00e0nh th\u00f4ng qua c\u1ea7n g\u1ea1t \u0111\u01b0\u1eddng may ng\u01b0\u1ee3c, \u0111i\u1ec1u n\u00e0y c\u00f3 th\u1ec3 ng\u0103n ch\u1eb7n \u0111\u01b0\u1eddng may b\u1ecb bong ra m\u1ed9t c\u00e1ch hi\u1ec7u qu\u1ea3.<br \/>\r\n3. Chi\u1ec1u d\u00e0i m\u0169i kh\u00e2u c\u00f3 th\u1ec3 \u0111\u01b0\u1ee3c \u0111i\u1ec1u ch\u1ec9nh \u0111\u01a1n gi\u1ea3n.<br \/>\r\n4. V\u1edbi thi\u1ebft b\u1ecb k\u00e9o, v\u1eadt li\u1ec7u c\u00f3 th\u1ec3 \u0111\u01b0\u1ee3c k\u00e9o tr\u01a1n tru h\u01a1n v\u00e0 c\u00e1c \u0111\u01b0\u1eddng may c\u00f3 th\u1ec3 m\u1ecbn h\u01a1n.<\/div>\n<\/div>\n\n<\/div>\n<\/div>\n<\/div>\n\n\n<div class=\"relative\">\n  <div id=\"optional\" class=\"\" style=\"position: absolute; top: -75px;\">\n  <\/div>\n<\/div>\n\n\n\n<script>\n    document.addEventListener('DOMContentLoaded', () => {\n      const productsSwiper = new Swiper('.related-products-swiper', {\n                slidesPerView: 2,\n                centeredSlides: true,\n                loop: true,\n                grid: {\n                    rows: 1,\n                },\n                speed: 600,\n                breakpoints: {\n                    700: {\n                        slidesPerView: 2,\n                        centeredSlides: false,\n                        spaceBetween: 60\n                    },\n                    1000: {\n                        slidesPerView: 3,\n                        centeredSlides: false,\n                        spaceBetween: 60\n                    }\n                },\n                navigation: {\n                    nextEl: '.product-next-button',\n                    prevEl: '.product-prev-button',\n                },\n                autoplay: {\n                    delay: 3000,\n                },\n            });\n    });\n<\/script>\n<div class=\"2xl:hidden swiper related-products-swiper md:!px-[40px] mt-[60px] mb-[30px] max-w-[1920px] mx-auto\">\n  <div x-char-r class=\"text-5xl text-center\">S\u1ea3n ph\u1ea9m li\u00ean quan<\/div>\n  <div class=\"swiper-wrapper my-[20px] md:my-[40px]\">\n              <div class=\"swiper-slide\">\n        <div class=\"mx-auto max-w-[360px] px-[12px] md:px-0\">\n          <a href=\"https:\/\/siruba.com\/vn\/product\/c007lq-c007lqt\/\" class=\"group\">\n            <img decoding=\"async\" class=\"group-hover:translate-y-[-10px] transition-transform duration-300 ease-in-out\" src=\"https:\/\/siruba.com\/wp-content\/uploads\/2024\/11\/C007LQ_Interlock-sewing-machine_photo.png\" alt=\"Product image\">\n            <div class=\"text-lg text-primary text-center mt-[5px] transition-colors duration-300\">C007LQ \/ C007LQT<\/div>\n            <div class=\"text-xs md:text-base text-grey-700 text-center\">M\u00e1y may c\u00f4ng nghi\u1ec7p t\u1ed1c \u0111\u1ed9 cao h\u1ed9p \u0111i\u1ec7n li\u1ec1n th\u00e2n \/ M\u00e1y may vi t\u00ednh t\u1ed1c \u0111\u1ed9 cao  v\u1edbi \u0111\u1ed9ng c\u01a1 b\u01b0\u1edbc<\/div>\n          <\/a>\n        <\/div>\n      <\/div>\n          <div class=\"swiper-slide\">\n        <div class=\"mx-auto max-w-[360px] px-[12px] md:px-0\">\n          <a href=\"https:\/\/siruba.com\/vn\/product\/vc008a-vc008b\/\" class=\"group\">\n            <img decoding=\"async\" class=\"group-hover:translate-y-[-10px] transition-transform duration-300 ease-in-out\" src=\"https:\/\/siruba.com\/wp-content\/uploads\/2024\/11\/VC008A_V1_Multi-needle-picoting_photo.png\" alt=\"Product image\">\n            <div class=\"text-lg text-primary text-center mt-[5px] transition-colors duration-300\">VC008A \/ VC008B<\/div>\n            <div class=\"text-xs md:text-base text-grey-700 text-center\">M\u00e1y May M\u00f3c X\u00edch Nhi\u1ec1u Kim<\/div>\n          <\/a>\n        <\/div>\n      <\/div>\n          <\/div>\n  <div class=\"flex justify-center gap-[28px]\">\n      <div\n          class=\"product-prev-button w-[50px] h-[50px] flex items-center justify-center p-2 rounded-full cursor-pointer hover:text-primary hover:border-primary text-grey-300 svg-fill-current border-grey-300 border-2 transition-colors duration-300\">\n          <img data-src=\"https:\/\/siruba.com\/wp-content\/themes\/siruba\/assets\/svg\/icon-utility-arrow-2.svg\" class=\"h-6 w-6 transform rotate-180\"\n              alt=\"Previous\">\n      <\/div>\n      <div\n          class=\"product-next-button w-[50px] h-[50px] flex items-center justify-center p-2 rounded-full cursor-pointer hover:text-primary hover:border-primary text-grey-300 svg-fill-current border-grey-300 border-2 transition-colors duration-300\">\n          <img data-src=\"https:\/\/siruba.com\/wp-content\/themes\/siruba\/assets\/svg\/icon-utility-arrow-2.svg\" class=\"h-6 w-6 transform rotate-0\" alt=\"Next\">\n      <\/div>\n  <\/div>\n<\/div>\n<!-- Products swiper big-->\n<div class=\"hidden 2xl:flex max-w-[1920px] mx-auto mt-[60px]\">\n  <img decoding=\"async\" class=\"\" src=\"https:\/\/siruba.com\/wp-content\/themes\/siruba\/assets\/img\/bg-product-post-related-1.png\" alt=\"\">\n  <div class=\"grow\">\n    <div x-char-r class=\"text-5xl text-center mt-[30px] md:mt-[60px] mb-[40px]\">S\u1ea3n ph\u1ea9m li\u00ean quan<\/div>\n    <div class=\"grid grid-cols-3 gap-[60px]\">\n                  <a href=\"https:\/\/siruba.com\/vn\/product\/c007lq-c007lqt\/\" class=\"group\">\n        <img class=\"group-hover:translate-y-[-10px] transition-transform duration-300 ease-in-out\" src=https:\/\/siruba.com\/wp-content\/uploads\/2024\/11\/C007LQ_Interlock-sewing-machine_photo.png alt=\"Product image\">\n        <div class=\"text-lg text-primary text-center mt-[5px] transition-colors duration-300\">C007LQ \/ C007LQT<\/div>\n        <div class=\"text-base text-grey-700 text-center\">M\u00e1y may c\u00f4ng nghi\u1ec7p t\u1ed1c \u0111\u1ed9 cao h\u1ed9p \u0111i\u1ec7n li\u1ec1n th\u00e2n \/ M\u00e1y may vi t\u00ednh t\u1ed1c \u0111\u1ed9 cao  v\u1edbi \u0111\u1ed9ng c\u01a1 b\u01b0\u1edbc<\/div>\n      <\/a>\n            <a href=\"https:\/\/siruba.com\/vn\/product\/vc008a-vc008b\/\" class=\"group\">\n        <img class=\"group-hover:translate-y-[-10px] transition-transform duration-300 ease-in-out\" src=https:\/\/siruba.com\/wp-content\/uploads\/2024\/11\/VC008A_V1_Multi-needle-picoting_photo.png alt=\"Product image\">\n        <div class=\"text-lg text-primary text-center mt-[5px] transition-colors duration-300\">VC008A \/ VC008B<\/div>\n        <div class=\"text-base text-grey-700 text-center\">M\u00e1y May M\u00f3c X\u00edch Nhi\u1ec1u Kim<\/div>\n      <\/a>\n                <\/div>\n  <\/div>\n  <img decoding=\"async\" class=\"\" src=\"https:\/\/siruba.com\/wp-content\/themes\/siruba\/assets\/img\/bg-product-post-related-2.png\" alt=\"\">\n<\/div>\n\n","protected":false},"excerpt":{"rendered":"<p>M\u00c1Y MAY M\u00d3C X\u00cdCH<\/p>\n","protected":false},"featured_media":20593,"template":"","product-category":[235],"class_list":["post-27653","product","type-product","status-publish","has-post-thumbnail","hentry","product-category-others-vn"],"acf":[],"yoast_head":"<!-- This site is optimized with the Yoast SEO plugin v26.1.1 - https:\/\/yoast.com\/wordpress\/plugins\/seo\/ -->\n<title>DL3880 - SiRUBA Sewing Machine | KAULIN Official<\/title>\n<meta name=\"robots\" content=\"index, follow, max-snippet:-1, max-image-preview:large, max-video-preview:-1\" \/>\n<link rel=\"canonical\" href=\"https:\/\/siruba.com\/vn\/product\/dl3880\/\" \/>\n<meta property=\"og:locale\" content=\"en_US\" \/>\n<meta property=\"og:type\" content=\"article\" \/>\n<meta property=\"og:title\" content=\"DL3880 - SiRUBA Sewing Machine | KAULIN Official\" \/>\n<meta property=\"og:description\" content=\"M\u00c1Y MAY M\u00d3C X\u00cdCH\" \/>\n<meta property=\"og:url\" content=\"https:\/\/siruba.com\/vn\/product\/dl3880\/\" \/>\n<meta property=\"og:site_name\" content=\"SiRUBA Sewing Machine | KAULIN Official\" \/>\n<meta property=\"article:modified_time\" content=\"2025-01-15T09:48:33+00:00\" \/>\n<meta property=\"og:image\" content=\"https:\/\/siruba.com\/wp-content\/uploads\/2024\/12\/DL3880_Chainstitch-Sewing-Machine_photo.png\" \/>\n\t<meta property=\"og:image:width\" content=\"600\" \/>\n\t<meta property=\"og:image:height\" content=\"600\" \/>\n\t<meta property=\"og:image:type\" content=\"image\/png\" \/>\n<meta name=\"twitter:card\" content=\"summary_large_image\" \/>\n<meta name=\"twitter:label1\" content=\"Est. reading time\" \/>\n\t<meta name=\"twitter:data1\" content=\"1 minute\" \/>\n<script type=\"application\/ld+json\" class=\"yoast-schema-graph\">{\"@context\":\"https:\/\/schema.org\",\"@graph\":[{\"@type\":\"WebPage\",\"@id\":\"https:\/\/siruba.com\/vn\/product\/dl3880\/\",\"url\":\"https:\/\/siruba.com\/vn\/product\/dl3880\/\",\"name\":\"DL3880 - SiRUBA Sewing Machine | KAULIN Official\",\"isPartOf\":{\"@id\":\"https:\/\/siruba.com\/#website\"},\"primaryImageOfPage\":{\"@id\":\"https:\/\/siruba.com\/vn\/product\/dl3880\/#primaryimage\"},\"image\":{\"@id\":\"https:\/\/siruba.com\/vn\/product\/dl3880\/#primaryimage\"},\"thumbnailUrl\":\"https:\/\/siruba.com\/wp-content\/uploads\/2024\/12\/DL3880_Chainstitch-Sewing-Machine_photo.png\",\"datePublished\":\"2024-10-03T09:00:17+00:00\",\"dateModified\":\"2025-01-15T09:48:33+00:00\",\"breadcrumb\":{\"@id\":\"https:\/\/siruba.com\/vn\/product\/dl3880\/#breadcrumb\"},\"inLanguage\":\"vn\",\"potentialAction\":[{\"@type\":\"ReadAction\",\"target\":[\"https:\/\/siruba.com\/vn\/product\/dl3880\/\"]}]},{\"@type\":\"ImageObject\",\"inLanguage\":\"vn\",\"@id\":\"https:\/\/siruba.com\/vn\/product\/dl3880\/#primaryimage\",\"url\":\"https:\/\/siruba.com\/wp-content\/uploads\/2024\/12\/DL3880_Chainstitch-Sewing-Machine_photo.png\",\"contentUrl\":\"https:\/\/siruba.com\/wp-content\/uploads\/2024\/12\/DL3880_Chainstitch-Sewing-Machine_photo.png\",\"width\":600,\"height\":600},{\"@type\":\"BreadcrumbList\",\"@id\":\"https:\/\/siruba.com\/vn\/product\/dl3880\/#breadcrumb\",\"itemListElement\":[{\"@type\":\"ListItem\",\"position\":1,\"name\":\"Home\",\"item\":\"https:\/\/siruba.com\/vn\/\"},{\"@type\":\"ListItem\",\"position\":2,\"name\":\"Products\",\"item\":\"https:\/\/siruba.com\/product\/\"},{\"@type\":\"ListItem\",\"position\":3,\"name\":\"DL3880\"}]},{\"@type\":\"WebSite\",\"@id\":\"https:\/\/siruba.com\/#website\",\"url\":\"https:\/\/siruba.com\/\",\"name\":\"SiRUBA Sewing Machine | KAULIN Official\",\"description\":\"KAULIN MFG. CO., LTD.,  found in 1965, and for half a century, we develop and manufacture industrial sewing machines, to provide service and solution all around the world for our customers and partners.\",\"potentialAction\":[{\"@type\":\"SearchAction\",\"target\":{\"@type\":\"EntryPoint\",\"urlTemplate\":\"https:\/\/siruba.com\/?s={search_term_string}\"},\"query-input\":{\"@type\":\"PropertyValueSpecification\",\"valueRequired\":true,\"valueName\":\"search_term_string\"}}],\"inLanguage\":\"vn\"}]}<\/script>\n<!-- \/ Yoast SEO plugin. -->","yoast_head_json":{"title":"DL3880 - SiRUBA Sewing Machine | KAULIN Official","robots":{"index":"index","follow":"follow","max-snippet":"max-snippet:-1","max-image-preview":"max-image-preview:large","max-video-preview":"max-video-preview:-1"},"canonical":"https:\/\/siruba.com\/vn\/product\/dl3880\/","og_locale":"en_US","og_type":"article","og_title":"DL3880 - SiRUBA Sewing Machine | KAULIN Official","og_description":"M\u00c1Y MAY M\u00d3C X\u00cdCH","og_url":"https:\/\/siruba.com\/vn\/product\/dl3880\/","og_site_name":"SiRUBA Sewing Machine | KAULIN Official","article_modified_time":"2025-01-15T09:48:33+00:00","og_image":[{"width":600,"height":600,"url":"https:\/\/siruba.com\/wp-content\/uploads\/2024\/12\/DL3880_Chainstitch-Sewing-Machine_photo.png","type":"image\/png"}],"twitter_card":"summary_large_image","twitter_misc":{"Est. reading time":"1 minute"},"schema":{"@context":"https:\/\/schema.org","@graph":[{"@type":"WebPage","@id":"https:\/\/siruba.com\/vn\/product\/dl3880\/","url":"https:\/\/siruba.com\/vn\/product\/dl3880\/","name":"DL3880 - SiRUBA Sewing Machine | KAULIN Official","isPartOf":{"@id":"https:\/\/siruba.com\/#website"},"primaryImageOfPage":{"@id":"https:\/\/siruba.com\/vn\/product\/dl3880\/#primaryimage"},"image":{"@id":"https:\/\/siruba.com\/vn\/product\/dl3880\/#primaryimage"},"thumbnailUrl":"https:\/\/siruba.com\/wp-content\/uploads\/2024\/12\/DL3880_Chainstitch-Sewing-Machine_photo.png","datePublished":"2024-10-03T09:00:17+00:00","dateModified":"2025-01-15T09:48:33+00:00","breadcrumb":{"@id":"https:\/\/siruba.com\/vn\/product\/dl3880\/#breadcrumb"},"inLanguage":"vn","potentialAction":[{"@type":"ReadAction","target":["https:\/\/siruba.com\/vn\/product\/dl3880\/"]}]},{"@type":"ImageObject","inLanguage":"vn","@id":"https:\/\/siruba.com\/vn\/product\/dl3880\/#primaryimage","url":"https:\/\/siruba.com\/wp-content\/uploads\/2024\/12\/DL3880_Chainstitch-Sewing-Machine_photo.png","contentUrl":"https:\/\/siruba.com\/wp-content\/uploads\/2024\/12\/DL3880_Chainstitch-Sewing-Machine_photo.png","width":600,"height":600},{"@type":"BreadcrumbList","@id":"https:\/\/siruba.com\/vn\/product\/dl3880\/#breadcrumb","itemListElement":[{"@type":"ListItem","position":1,"name":"Home","item":"https:\/\/siruba.com\/vn\/"},{"@type":"ListItem","position":2,"name":"Products","item":"https:\/\/siruba.com\/product\/"},{"@type":"ListItem","position":3,"name":"DL3880"}]},{"@type":"WebSite","@id":"https:\/\/siruba.com\/#website","url":"https:\/\/siruba.com\/","name":"SiRUBA Sewing Machine | KAULIN Official","description":"KAULIN MFG. CO., LTD.,  found in 1965, and for half a century, we develop and manufacture industrial sewing machines, to provide service and solution all around the world for our customers and partners.","potentialAction":[{"@type":"SearchAction","target":{"@type":"EntryPoint","urlTemplate":"https:\/\/siruba.com\/?s={search_term_string}"},"query-input":{"@type":"PropertyValueSpecification","valueRequired":true,"valueName":"search_term_string"}}],"inLanguage":"vn"}]}},"_links":{"self":[{"href":"https:\/\/siruba.com\/vn\/wp-json\/wp\/v2\/product\/27653","targetHints":{"allow":["GET"]}}],"collection":[{"href":"https:\/\/siruba.com\/vn\/wp-json\/wp\/v2\/product"}],"about":[{"href":"https:\/\/siruba.com\/vn\/wp-json\/wp\/v2\/types\/product"}],"wp:featuredmedia":[{"embeddable":true,"href":"https:\/\/siruba.com\/vn\/wp-json\/wp\/v2\/media\/20593"}],"wp:attachment":[{"href":"https:\/\/siruba.com\/vn\/wp-json\/wp\/v2\/media?parent=27653"}],"wp:term":[{"taxonomy":"product-category","embeddable":true,"href":"https:\/\/siruba.com\/vn\/wp-json\/wp\/v2\/product-category?post=27653"}],"curies":[{"name":"wp","href":"https:\/\/api.w.org\/{rel}","templated":true}]}}