{"id":27650,"date":"2024-10-03T08:59:38","date_gmt":"2024-10-03T08:59:38","guid":{"rendered":"https:\/\/siruba.com\/product\/aa\/"},"modified":"2025-01-15T09:45:10","modified_gmt":"2025-01-15T09:45:10","slug":"aa","status":"publish","type":"product","link":"https:\/\/siruba.com\/vn\/product\/aa\/","title":{"rendered":"AA"},"content":{"rendered":"\n<div class=\"relative overflow-hidden mt-[50px] xl:mt-[68px] max-w-[1920px] mx-auto\">\n  <script>\n      document.addEventListener('DOMContentLoaded', () => {\n        const swiper = new Swiper(\".productSwiper\", {\n          pagination: {\n            el: \".swiper-pagination\",\n          },\n        });\n      })\n  <\/script>\n    <img decoding=\"async\" src=\"https:\/\/siruba.com\/wp-content\/uploads\/2024\/10\/bg-product-post.png\" alt=\"Background image\" class=\"absolute inset-0 w-full h-full object-cover z-0\">\n    <div class=\"absolute inset-0 w-full h-full bg-gradient-to-r from-primarylight to-primary opacity-90 z-10\"><\/div>\n    <div class=\"relative z-20 max-w-[1200px] mx-auto\">\n      <div class=\"grid grid-cols-1 md:grid-cols-2\">\n        <div class=\"relative\">\n          <img decoding=\"async\" src=\"https:\/\/siruba.com\/wp-content\/uploads\/2024\/10\/bg-product.png\" alt=\"Background\" class=\"absolute inset-0 w-full h-full object-cover z-0\">\n          <div class=\"swiper productSwiper relative w-full z-10\">\n            <div class=\"swiper-wrapper\">\n                          <div class=\"swiper-slide\">\n                <img decoding=\"async\" src=\"https:\/\/siruba.com\/wp-content\/uploads\/2024\/11\/AA_Portable-bag-closer_photo-1.png\" alt=\"Product image\" class=\"mx-auto\">\n              <\/div>\n                        <\/div>\n            <div class=\"swiper-pagination\"><\/div>\n          <\/div>\n        <\/div>\n        <div class=\"mx-[12px] my-[30px] md:ml-[80px] md:my-auto md:py-[30px]\">\n          <div x-fade:left=\"{delay: 200}\" class=\"text-4xl text-white\">AA<\/div>\n          <div x-fade:left=\"{delay: 200}\" class=\"text-2xl text-white\">M\u00e1y may mi\u1ec7ng t\u00fai c\u1ea7m tay<\/div>\n          <hr x-clip=\"{delay: 400}\" class=\"border-white my-[20px]\">\n          <div x-fade:left=\"{delay: 600}\" class=\"\">\n            <div class=\"text-base text-white my-[20px]\"><\/div>\n                        <a href=\"https:\/\/siruba.com\/vn\/\/vn\/download\/aa-6-instruction-book\" class=\"flex gap-[8px] group my-[10px]\">\n              <img class=\"text-white svg-fill-current my-auto min-w-[24px] min-h-[24px] group-hover:opacity-50\" data-src=\"https:\/\/siruba.com\/wp-content\/themes\/siruba\/assets\/svg\/icon-utility-download.svg\" alt=\"Download button\">\n              <div class=\"text-base text-white group-hover:opacity-50\">AA B\u1ea3n H\u01b0\u1edbng D\u1eabn S\u1eed D\u1ee5ng<\/div>\n            <\/a>\n                        <a href=\"https:\/\/siruba.com\/vn\/\/vn\/download\/aa_parts-list\" class=\"flex gap-[8px] group my-[10px]\">\n              <img class=\"text-white svg-fill-current my-auto min-w-[24px] min-h-[24px] group-hover:opacity-50\" data-src=\"https:\/\/siruba.com\/wp-content\/themes\/siruba\/assets\/svg\/icon-utility-download.svg\" alt=\"Download button\">\n              <div class=\"text-base text-white group-hover:opacity-50\">AA B\u1ea3n V\u1ebd Linh Ki\u1ec7n<\/div>\n            <\/a>\n                        <div class=\"inline-block w-full\">\n              <div class=\"flex flex-wrap\">\n                                    <a href=\"https:\/\/siruba.com\/electronic-control-parameter-manual\/\" target=\"\">\n                      <button class=\"button-white flex items-center gap-[8px] mb-[10px] mr-[20px]\">\n                          <img class=\"svg-fill-current inline-block min-w-[28px] min-h-[28px]\" data-src=\"https:\/\/siruba.com\/wp-content\/uploads\/2024\/10\/CONTROL-BOX2.svg\">\n                          <div class=\"text-base\">S\u1ed5 tay \u0111i\u1ec1u khi\u1ec3n \u0111i\u1ec7n t\u1eed<\/div>\n                      <\/button>\n                  <\/a>\n                                    <button onclick=\"smoother.scrollTo('#contactus_pre_defined',true,'top 120px')\" class=\"button-white flex items-center gap-[8px] mr-[20px] mb-[10px]\">\n                      <img class=\"svg-fill-current inline-block min-w-[28px] min-h-[28px]\" data-src=\"https:\/\/siruba.com\/wp-content\/themes\/siruba\/assets\/svg\/icon-utility-price.svg\">\n                      <div class=\"text-base\">B\u00e1o gi\u00e1 tr\u1ef1c tuy\u1ebfn<\/div>\n                  <\/button>\n                                <\/div>\n            <\/div>\n                    \n          <\/div>\n        <\/div>\n      <\/div>\n    <\/div>\n<\/div>\n\n\n\n\n<section class=\"max-w-[1200px] mx-[12px] md:mx-[40px] xl:mx-auto my-[30px]\">\n    <div class=\"relative w-full border-b border-grey-100 flex overflow-x-auto\" id=\"scroll-menu-container\">\n    <!-- Left arrow (initially hidden) -->\n    <div id=\"left-arrow\" class=\"absolute left-[0px] top-1\/2 z-30 flex items-center justify-center p-2 rounded-full transform -translate-y-1\/2 cursor-pointer bg-black\/40 hover:bg-black\/20 hover:text-primary hover:border-primary text-white svg-fill-current border-white border-2 transition-colors duration-300 w-[32px] h-[32px] hidden\">\n        <img data-src=\"https:\/\/siruba.com\/wp-content\/themes\/siruba\/assets\/svg\/icon-utility-arrow-2.svg\" class=\"h-[17px] w-[17px] transform rotate-180\" alt=\"Previous\">\n    <\/div>\n\n    <!-- Scrollable Menu -->\n    <div class=\"w-full flex overflow-x-auto\" id=\"scroll-menu\">\n                \n                <a href=\"#\" @click.prevent=\"scrollto('#specification')\" class=\"whitespace-nowrap text-lg text-primary px-[20px] py-[10px] border-b-[2px] border-primary\">Th\u00f4ng s\u1ed1 k\u1ef9 thu\u1eadt s\u1ea3n ph\u1ea9m<\/a>\n                    \n                <a href=\"#\" @click.prevent=\"scrollto('#Features')\" class=\"whitespace-nowrap text-lg text-grey-700 px-[20px] py-[10px]\">T\u00ednh n\u0103ng s\u1ea3n ph\u1ea9m<\/a>\n                <\/div>\n\n    <!-- Right arrow -->\n    <div id=\"right-arrow\" class=\"absolute right-[0px] top-1\/2 z-30 flex items-center justify-center p-2 rounded-full transform -translate-y-1\/2 cursor-pointer bg-black\/40 hover:bg-black\/20 hover:text-primary hover:border-primary text-white svg-fill-current border-white border-2 transition-colors duration-300 w-[32px] h-[32px]\">\n        <img data-src=\"https:\/\/siruba.com\/wp-content\/themes\/siruba\/assets\/svg\/icon-utility-arrow-2.svg\" class=\"h-[17px] w-[17px] transform rotate-0\" alt=\"Next\">\n    <\/div>\n\n    <script>\n        document.addEventListener('DOMContentLoaded', () => {\n            const scrollMenu = document.getElementById('scroll-menu');\n            const leftArrow = document.getElementById('left-arrow');\n            const rightArrow = document.getElementById('right-arrow');\n\n            \/\/ Function to update arrow visibility based on scroll position\n            function updateArrows() {\n                \/\/ Show left arrow if scrolled right, otherwise hide it\n                if (scrollMenu.scrollLeft > 0) {\n                    leftArrow.style.display = 'flex';\n                } else {\n                    leftArrow.style.display = 'none';\n                }\n\n                \/\/ Show right arrow if not scrolled to the end, otherwise hide it\n                if (scrollMenu.scrollLeft + scrollMenu.offsetWidth < scrollMenu.scrollWidth) {\n                    rightArrow.style.display = 'flex';\n                } else {\n                    rightArrow.style.display = 'none';\n                }\n            }\n\n            \/\/ Check the scroll position and update arrows when the page loads\n            window.addEventListener('load', () => {\n                updateArrows();\n            });\n\n            \/\/ Listen to the scroll event and update arrow visibility accordingly\n            scrollMenu.addEventListener('scroll', updateArrows);\n\n            \/\/ Scroll right when the right arrow is clicked\n            rightArrow.addEventListener('click', () => {\n                scrollMenu.scrollBy({ left: 200, behavior: 'smooth' });\n            });\n\n            \/\/ Scroll left when the left arrow is clicked\n            leftArrow.addEventListener('click', () => {\n                scrollMenu.scrollBy({ left: -200, behavior: 'smooth' });\n            });\n        })\n    <\/script>\n    <\/div>\n<\/section>\n\n\n\n<div class=\"relative\">\n  <div id=\"specification\" class=\"\" style=\"position: absolute; top: -75px;\">\n  <\/div>\n<\/div>\n\n\n\n<div class=\"max-w-[1200px] mx-[12px] md:mx-[40px] xl:mx-auto mt-[28px]\">\n  <img decoding=\"async\" src=\"https:\/\/siruba.com\/wp-content\/uploads\/2024\/12\/AA_SPEC_EN.jpg\" alt=\"image\" class=\"w-full\">\n<\/div>\n\n\n\n<div class=\"relative\">\n  <div id=\"Features\" class=\"\" style=\"position: absolute; top: -75px;\">\n  <\/div>\n<\/div>\n\n\n\n<div class=\"max-w-[1200px] mx-[12px] md:mx-[40px] xl:mx-auto mt-[28px]\">\n  <div class=\"text-3xl mb-[8px]\">T\u00ednh n\u0103ng s\u1ea3n ph\u1ea9m<\/div>\n  <div class=\"text-base text-grey-700 ml-[8px]\"><\/div>\n<\/div>\n\n\n\n\n<div class=\"wp-block-group padding-left-12  padding-right-12 is-layout-constrained wp-container-core-group-is-layout-48c9aa2a wp-block-group-is-layout-constrained\">\n<div class=\"wp-block-columns is-layout-flex wp-container-core-columns-is-layout-9d6595d7 wp-block-columns-is-layout-flex\">\n<div class=\"wp-block-column is-layout-flow wp-block-column-is-layout-flow\" style=\"flex-basis:40%\">\n<div class=\"wp-block-group is-content-justification-center is-nowrap is-layout-flex wp-container-core-group-is-layout-94bc23d7 wp-block-group-is-layout-flex\">\n<figure class=\"wp-block-image size-full max-width-50 md:max-width-100\"><img loading=\"lazy\" decoding=\"async\" width=\"300\" height=\"300\" src=\"https:\/\/siruba.com\/wp-content\/uploads\/2024\/12\/AA_4-needle-6-thread-flatseamer_photo_1.jpg\" alt=\"\" class=\"wp-image-13244\" srcset=\"https:\/\/siruba.com\/wp-content\/uploads\/2024\/12\/AA_4-needle-6-thread-flatseamer_photo_1.jpg 300w, https:\/\/siruba.com\/wp-content\/uploads\/2024\/12\/AA_4-needle-6-thread-flatseamer_photo_1-150x150.jpg 150w\" sizes=\"auto, (max-width: 300px) 100vw, 300px\" \/><\/figure>\n\n\n\n<figure class=\"wp-block-image size-full max-width-50 md:max-width-100\"><img loading=\"lazy\" decoding=\"async\" width=\"300\" height=\"300\" src=\"https:\/\/siruba.com\/wp-content\/uploads\/2024\/12\/AA_4-needle-6-thread-flatseamer_photo_2.jpg\" alt=\"\" class=\"wp-image-13249\" srcset=\"https:\/\/siruba.com\/wp-content\/uploads\/2024\/12\/AA_4-needle-6-thread-flatseamer_photo_2.jpg 300w, https:\/\/siruba.com\/wp-content\/uploads\/2024\/12\/AA_4-needle-6-thread-flatseamer_photo_2-150x150.jpg 150w\" sizes=\"auto, (max-width: 300px) 100vw, 300px\" \/><\/figure>\n<\/div>\n<\/div>\n\n\n\n<div class=\"wp-block-column is-vertically-aligned-center is-layout-flow wp-block-column-is-layout-flow\" style=\"flex-basis:60%\">\n<p><strong>M\u00e1y may mi\u1ec7ng t\u00fai c\u1ea7m tay (k\u00e8m theo thi\u1ebft b\u1ecb b\u00f4i tr\u01a1n)<br><\/strong>Thao t\u00e1c c\u1ea7m tay, g\u1ecdn nh\u1eb9 nhanh l\u1eb9, m\u1ed7i m\u00e1y n\u1eb7ng kho\u1ea3ng 5 kg. Thi\u1ebft b\u1ecb c\u1eaft ch\u1ec9 v\u00e0 n\u00e2ng ch\u00e2n v\u1ecbt t\u1ef1 \u0111\u1ed9ng, tay c\u1ea7m nh\u1ef1a c\u00f3 k\u00e8m theo d\u00e2y \u0111ai b\u1ea3o h\u1ed9, c\u00f3 th\u1ec3 l\u1eafp th\u00eam m\u00f3c treo, ti\u1ebft ki\u1ec7m nh\u00e2n l\u1ef1c, c\u01a1 ch\u1ebf t\u1ed1t k\u00e8m theo thi\u1ebft b\u1ecb b\u00f4i tr\u01a1n, b\u1ec1n l\u00e2u.Th\u00edch h\u1ee3p v\u1edbi may n\u1ed1i mi\u1ec7ng t\u00fai c\u1ee7a c\u00e1c lo\u1ea1i, nh\u01b0: t\u00fai gi\u1ea5y, t\u00fai b\u1ed9t m\u00ec, t\u00fai \u0111an lo\u1ea1i nh\u1ef1a, bao t\u1ea3i, v\u00e0 c\u00e1c lo\u1ea1i t\u00fai kh\u00e1c ho\u1eb7c nhu\u1ed9m ch\u1ed7 n\u1ed1i \u0111\u1ea7u v\u1ea3i.<\/p>\n<\/div>\n<\/div>\n<\/div>\n\n\n\n<script>\n    document.addEventListener('DOMContentLoaded', () => {\n      const productsSwiper = new Swiper('.related-products-swiper', {\n                slidesPerView: 2,\n                centeredSlides: true,\n                loop: true,\n                grid: {\n                    rows: 1,\n                },\n                speed: 600,\n                breakpoints: {\n                    700: {\n                        slidesPerView: 2,\n                        centeredSlides: false,\n                        spaceBetween: 60\n                    },\n                    1000: {\n                        slidesPerView: 3,\n                        centeredSlides: false,\n                        spaceBetween: 60\n                    }\n                },\n                navigation: {\n                    nextEl: '.product-next-button',\n                    prevEl: '.product-prev-button',\n                },\n                autoplay: {\n                    delay: 3000,\n                },\n            });\n    });\n<\/script>\n<div class=\"2xl:hidden swiper related-products-swiper md:!px-[40px] mt-[60px] mb-[30px] max-w-[1920px] mx-auto\">\n  <div x-char-r class=\"text-5xl text-center\">S\u1ea3n ph\u1ea9m li\u00ean quan<\/div>\n  <div class=\"swiper-wrapper my-[20px] md:my-[40px]\">\n              <div class=\"swiper-slide\">\n        <div class=\"mx-auto max-w-[360px] px-[12px] md:px-0\">\n          <a href=\"https:\/\/siruba.com\/vn\/product\/c007lq-c007lqt\/\" class=\"group\">\n            <img decoding=\"async\" class=\"group-hover:translate-y-[-10px] transition-transform duration-300 ease-in-out\" src=\"https:\/\/siruba.com\/wp-content\/uploads\/2024\/11\/C007LQ_Interlock-sewing-machine_photo.png\" alt=\"Product image\">\n            <div class=\"text-lg text-primary text-center mt-[5px] transition-colors duration-300\">C007LQ \/ C007LQT<\/div>\n            <div class=\"text-xs md:text-base text-grey-700 text-center\">M\u00e1y may c\u00f4ng nghi\u1ec7p t\u1ed1c \u0111\u1ed9 cao h\u1ed9p \u0111i\u1ec7n li\u1ec1n th\u00e2n \/ M\u00e1y may vi t\u00ednh t\u1ed1c \u0111\u1ed9 cao  v\u1edbi \u0111\u1ed9ng c\u01a1 b\u01b0\u1edbc<\/div>\n          <\/a>\n        <\/div>\n      <\/div>\n          <div class=\"swiper-slide\">\n        <div class=\"mx-auto max-w-[360px] px-[12px] md:px-0\">\n          <a href=\"https:\/\/siruba.com\/vn\/product\/vc008a-vc008b\/\" class=\"group\">\n            <img decoding=\"async\" class=\"group-hover:translate-y-[-10px] transition-transform duration-300 ease-in-out\" src=\"https:\/\/siruba.com\/wp-content\/uploads\/2024\/11\/VC008A_V1_Multi-needle-picoting_photo.png\" alt=\"Product image\">\n            <div class=\"text-lg text-primary text-center mt-[5px] transition-colors duration-300\">VC008A \/ VC008B<\/div>\n            <div class=\"text-xs md:text-base text-grey-700 text-center\">M\u00e1y May M\u00f3c X\u00edch Nhi\u1ec1u Kim<\/div>\n          <\/a>\n        <\/div>\n      <\/div>\n          <\/div>\n  <div class=\"flex justify-center gap-[28px]\">\n      <div\n          class=\"product-prev-button w-[50px] h-[50px] flex items-center justify-center p-2 rounded-full cursor-pointer hover:text-primary hover:border-primary text-grey-300 svg-fill-current border-grey-300 border-2 transition-colors duration-300\">\n          <img data-src=\"https:\/\/siruba.com\/wp-content\/themes\/siruba\/assets\/svg\/icon-utility-arrow-2.svg\" class=\"h-6 w-6 transform rotate-180\"\n              alt=\"Previous\">\n      <\/div>\n      <div\n          class=\"product-next-button w-[50px] h-[50px] flex items-center justify-center p-2 rounded-full cursor-pointer hover:text-primary hover:border-primary text-grey-300 svg-fill-current border-grey-300 border-2 transition-colors duration-300\">\n          <img data-src=\"https:\/\/siruba.com\/wp-content\/themes\/siruba\/assets\/svg\/icon-utility-arrow-2.svg\" class=\"h-6 w-6 transform rotate-0\" alt=\"Next\">\n      <\/div>\n  <\/div>\n<\/div>\n<!-- Products swiper big-->\n<div class=\"hidden 2xl:flex max-w-[1920px] mx-auto mt-[60px]\">\n  <img decoding=\"async\" class=\"\" src=\"https:\/\/siruba.com\/wp-content\/themes\/siruba\/assets\/img\/bg-product-post-related-1.png\" alt=\"\">\n  <div class=\"grow\">\n    <div x-char-r class=\"text-5xl text-center mt-[30px] md:mt-[60px] mb-[40px]\">S\u1ea3n ph\u1ea9m li\u00ean quan<\/div>\n    <div class=\"grid grid-cols-3 gap-[60px]\">\n                  <a href=\"https:\/\/siruba.com\/vn\/product\/c007lq-c007lqt\/\" class=\"group\">\n        <img class=\"group-hover:translate-y-[-10px] transition-transform duration-300 ease-in-out\" src=https:\/\/siruba.com\/wp-content\/uploads\/2024\/11\/C007LQ_Interlock-sewing-machine_photo.png alt=\"Product image\">\n        <div class=\"text-lg text-primary text-center mt-[5px] transition-colors duration-300\">C007LQ \/ C007LQT<\/div>\n        <div class=\"text-base text-grey-700 text-center\">M\u00e1y may c\u00f4ng nghi\u1ec7p t\u1ed1c \u0111\u1ed9 cao h\u1ed9p \u0111i\u1ec7n li\u1ec1n th\u00e2n \/ M\u00e1y may vi t\u00ednh t\u1ed1c \u0111\u1ed9 cao  v\u1edbi \u0111\u1ed9ng c\u01a1 b\u01b0\u1edbc<\/div>\n      <\/a>\n            <a href=\"https:\/\/siruba.com\/vn\/product\/vc008a-vc008b\/\" class=\"group\">\n        <img class=\"group-hover:translate-y-[-10px] transition-transform duration-300 ease-in-out\" src=https:\/\/siruba.com\/wp-content\/uploads\/2024\/11\/VC008A_V1_Multi-needle-picoting_photo.png alt=\"Product image\">\n        <div class=\"text-lg text-primary text-center mt-[5px] transition-colors duration-300\">VC008A \/ VC008B<\/div>\n        <div class=\"text-base text-grey-700 text-center\">M\u00e1y May M\u00f3c X\u00edch Nhi\u1ec1u Kim<\/div>\n      <\/a>\n                <\/div>\n  <\/div>\n  <img decoding=\"async\" class=\"\" src=\"https:\/\/siruba.com\/wp-content\/themes\/siruba\/assets\/img\/bg-product-post-related-2.png\" alt=\"\">\n<\/div>\n\n","protected":false},"excerpt":{"rendered":"<p>M\u00e1y may mi\u1ec7ng t\u00fai c\u1ea7m tay<\/p>\n","protected":false},"featured_media":16773,"template":"","product-category":[235],"class_list":["post-27650","product","type-product","status-publish","has-post-thumbnail","hentry","product-category-others-vn"],"acf":[],"yoast_head":"<!-- This site is optimized with the Yoast SEO plugin v26.1.1 - https:\/\/yoast.com\/wordpress\/plugins\/seo\/ -->\n<title>AA - SiRUBA Sewing Machine | KAULIN Official<\/title>\n<meta name=\"robots\" content=\"index, follow, max-snippet:-1, max-image-preview:large, max-video-preview:-1\" \/>\n<link rel=\"canonical\" href=\"https:\/\/siruba.com\/vn\/product\/aa\/\" \/>\n<meta property=\"og:locale\" content=\"en_US\" \/>\n<meta property=\"og:type\" content=\"article\" \/>\n<meta property=\"og:title\" content=\"AA - SiRUBA Sewing Machine | KAULIN Official\" \/>\n<meta property=\"og:description\" content=\"M\u00e1y may mi\u1ec7ng t\u00fai c\u1ea7m tay\" \/>\n<meta property=\"og:url\" content=\"https:\/\/siruba.com\/vn\/product\/aa\/\" \/>\n<meta property=\"og:site_name\" content=\"SiRUBA Sewing Machine | KAULIN Official\" \/>\n<meta property=\"article:modified_time\" content=\"2025-01-15T09:45:10+00:00\" \/>\n<meta property=\"og:image\" content=\"https:\/\/siruba.com\/wp-content\/uploads\/2024\/11\/AA_Portable-bag-closer_photo-1.png\" \/>\n\t<meta property=\"og:image:width\" content=\"600\" \/>\n\t<meta property=\"og:image:height\" content=\"600\" \/>\n\t<meta property=\"og:image:type\" content=\"image\/png\" \/>\n<meta name=\"twitter:card\" content=\"summary_large_image\" \/>\n<meta name=\"twitter:label1\" content=\"Est. reading time\" \/>\n\t<meta name=\"twitter:data1\" content=\"2 minutes\" \/>\n<script type=\"application\/ld+json\" class=\"yoast-schema-graph\">{\"@context\":\"https:\/\/schema.org\",\"@graph\":[{\"@type\":\"WebPage\",\"@id\":\"https:\/\/siruba.com\/vn\/product\/aa\/\",\"url\":\"https:\/\/siruba.com\/vn\/product\/aa\/\",\"name\":\"AA - SiRUBA Sewing Machine | KAULIN Official\",\"isPartOf\":{\"@id\":\"https:\/\/siruba.com\/#website\"},\"primaryImageOfPage\":{\"@id\":\"https:\/\/siruba.com\/vn\/product\/aa\/#primaryimage\"},\"image\":{\"@id\":\"https:\/\/siruba.com\/vn\/product\/aa\/#primaryimage\"},\"thumbnailUrl\":\"https:\/\/siruba.com\/wp-content\/uploads\/2024\/11\/AA_Portable-bag-closer_photo-1.png\",\"datePublished\":\"2024-10-03T08:59:38+00:00\",\"dateModified\":\"2025-01-15T09:45:10+00:00\",\"breadcrumb\":{\"@id\":\"https:\/\/siruba.com\/vn\/product\/aa\/#breadcrumb\"},\"inLanguage\":\"vn\",\"potentialAction\":[{\"@type\":\"ReadAction\",\"target\":[\"https:\/\/siruba.com\/vn\/product\/aa\/\"]}]},{\"@type\":\"ImageObject\",\"inLanguage\":\"vn\",\"@id\":\"https:\/\/siruba.com\/vn\/product\/aa\/#primaryimage\",\"url\":\"https:\/\/siruba.com\/wp-content\/uploads\/2024\/11\/AA_Portable-bag-closer_photo-1.png\",\"contentUrl\":\"https:\/\/siruba.com\/wp-content\/uploads\/2024\/11\/AA_Portable-bag-closer_photo-1.png\",\"width\":600,\"height\":600},{\"@type\":\"BreadcrumbList\",\"@id\":\"https:\/\/siruba.com\/vn\/product\/aa\/#breadcrumb\",\"itemListElement\":[{\"@type\":\"ListItem\",\"position\":1,\"name\":\"Home\",\"item\":\"https:\/\/siruba.com\/vn\/\"},{\"@type\":\"ListItem\",\"position\":2,\"name\":\"Products\",\"item\":\"https:\/\/siruba.com\/product\/\"},{\"@type\":\"ListItem\",\"position\":3,\"name\":\"AA\"}]},{\"@type\":\"WebSite\",\"@id\":\"https:\/\/siruba.com\/#website\",\"url\":\"https:\/\/siruba.com\/\",\"name\":\"SiRUBA Sewing Machine | KAULIN Official\",\"description\":\"KAULIN MFG. CO., LTD.,  found in 1965, and for half a century, we develop and manufacture industrial sewing machines, to provide service and solution all around the world for our customers and partners.\",\"potentialAction\":[{\"@type\":\"SearchAction\",\"target\":{\"@type\":\"EntryPoint\",\"urlTemplate\":\"https:\/\/siruba.com\/?s={search_term_string}\"},\"query-input\":{\"@type\":\"PropertyValueSpecification\",\"valueRequired\":true,\"valueName\":\"search_term_string\"}}],\"inLanguage\":\"vn\"}]}<\/script>\n<!-- \/ Yoast SEO plugin. -->","yoast_head_json":{"title":"AA - SiRUBA Sewing Machine | KAULIN Official","robots":{"index":"index","follow":"follow","max-snippet":"max-snippet:-1","max-image-preview":"max-image-preview:large","max-video-preview":"max-video-preview:-1"},"canonical":"https:\/\/siruba.com\/vn\/product\/aa\/","og_locale":"en_US","og_type":"article","og_title":"AA - SiRUBA Sewing Machine | KAULIN Official","og_description":"M\u00e1y may mi\u1ec7ng t\u00fai c\u1ea7m tay","og_url":"https:\/\/siruba.com\/vn\/product\/aa\/","og_site_name":"SiRUBA Sewing Machine | KAULIN Official","article_modified_time":"2025-01-15T09:45:10+00:00","og_image":[{"width":600,"height":600,"url":"https:\/\/siruba.com\/wp-content\/uploads\/2024\/11\/AA_Portable-bag-closer_photo-1.png","type":"image\/png"}],"twitter_card":"summary_large_image","twitter_misc":{"Est. reading time":"2 minutes"},"schema":{"@context":"https:\/\/schema.org","@graph":[{"@type":"WebPage","@id":"https:\/\/siruba.com\/vn\/product\/aa\/","url":"https:\/\/siruba.com\/vn\/product\/aa\/","name":"AA - SiRUBA Sewing Machine | KAULIN Official","isPartOf":{"@id":"https:\/\/siruba.com\/#website"},"primaryImageOfPage":{"@id":"https:\/\/siruba.com\/vn\/product\/aa\/#primaryimage"},"image":{"@id":"https:\/\/siruba.com\/vn\/product\/aa\/#primaryimage"},"thumbnailUrl":"https:\/\/siruba.com\/wp-content\/uploads\/2024\/11\/AA_Portable-bag-closer_photo-1.png","datePublished":"2024-10-03T08:59:38+00:00","dateModified":"2025-01-15T09:45:10+00:00","breadcrumb":{"@id":"https:\/\/siruba.com\/vn\/product\/aa\/#breadcrumb"},"inLanguage":"vn","potentialAction":[{"@type":"ReadAction","target":["https:\/\/siruba.com\/vn\/product\/aa\/"]}]},{"@type":"ImageObject","inLanguage":"vn","@id":"https:\/\/siruba.com\/vn\/product\/aa\/#primaryimage","url":"https:\/\/siruba.com\/wp-content\/uploads\/2024\/11\/AA_Portable-bag-closer_photo-1.png","contentUrl":"https:\/\/siruba.com\/wp-content\/uploads\/2024\/11\/AA_Portable-bag-closer_photo-1.png","width":600,"height":600},{"@type":"BreadcrumbList","@id":"https:\/\/siruba.com\/vn\/product\/aa\/#breadcrumb","itemListElement":[{"@type":"ListItem","position":1,"name":"Home","item":"https:\/\/siruba.com\/vn\/"},{"@type":"ListItem","position":2,"name":"Products","item":"https:\/\/siruba.com\/product\/"},{"@type":"ListItem","position":3,"name":"AA"}]},{"@type":"WebSite","@id":"https:\/\/siruba.com\/#website","url":"https:\/\/siruba.com\/","name":"SiRUBA Sewing Machine | KAULIN Official","description":"KAULIN MFG. CO., LTD.,  found in 1965, and for half a century, we develop and manufacture industrial sewing machines, to provide service and solution all around the world for our customers and partners.","potentialAction":[{"@type":"SearchAction","target":{"@type":"EntryPoint","urlTemplate":"https:\/\/siruba.com\/?s={search_term_string}"},"query-input":{"@type":"PropertyValueSpecification","valueRequired":true,"valueName":"search_term_string"}}],"inLanguage":"vn"}]}},"_links":{"self":[{"href":"https:\/\/siruba.com\/vn\/wp-json\/wp\/v2\/product\/27650","targetHints":{"allow":["GET"]}}],"collection":[{"href":"https:\/\/siruba.com\/vn\/wp-json\/wp\/v2\/product"}],"about":[{"href":"https:\/\/siruba.com\/vn\/wp-json\/wp\/v2\/types\/product"}],"wp:featuredmedia":[{"embeddable":true,"href":"https:\/\/siruba.com\/vn\/wp-json\/wp\/v2\/media\/16773"}],"wp:attachment":[{"href":"https:\/\/siruba.com\/vn\/wp-json\/wp\/v2\/media?parent=27650"}],"wp:term":[{"taxonomy":"product-category","embeddable":true,"href":"https:\/\/siruba.com\/vn\/wp-json\/wp\/v2\/product-category?post=27650"}],"curies":[{"name":"wp","href":"https:\/\/api.w.org\/{rel}","templated":true}]}}