{"id":25997,"date":"2024-10-03T08:55:23","date_gmt":"2024-10-03T08:55:23","guid":{"rendered":"https:\/\/siruba.com\/product\/dl7210\/"},"modified":"2025-01-08T01:36:47","modified_gmt":"2025-01-08T01:36:47","slug":"dl7210","status":"publish","type":"product","link":"https:\/\/siruba.com\/vn\/product\/dl7210\/","title":{"rendered":"DL7210"},"content":{"rendered":"\n<div class=\"relative overflow-hidden mt-[50px] xl:mt-[68px] max-w-[1920px] mx-auto\">\n  <script>\n      document.addEventListener('DOMContentLoaded', () => {\n        const swiper = new Swiper(\".productSwiper\", {\n          pagination: {\n            el: \".swiper-pagination\",\n          },\n        });\n      })\n  <\/script>\n    <img decoding=\"async\" src=\"https:\/\/siruba.com\/wp-content\/uploads\/2024\/10\/bg-product-post.png\" alt=\"Background image\" class=\"absolute inset-0 w-full h-full object-cover z-0\">\n    <div class=\"absolute inset-0 w-full h-full bg-gradient-to-r from-primarylight to-primary opacity-90 z-10\"><\/div>\n    <div class=\"relative z-20 max-w-[1200px] mx-auto\">\n      <div class=\"grid grid-cols-1 md:grid-cols-2\">\n        <div class=\"relative\">\n          <img decoding=\"async\" src=\"https:\/\/siruba.com\/wp-content\/uploads\/2024\/10\/bg-product.png\" alt=\"Background\" class=\"absolute inset-0 w-full h-full object-cover z-0\">\n          <div class=\"swiper productSwiper relative w-full z-10\">\n            <div class=\"swiper-wrapper\">\n                          <div class=\"swiper-slide\">\n                <img decoding=\"async\" src=\"https:\/\/siruba.com\/wp-content\/uploads\/2024\/11\/DL7210_Lockstitch-sewing-machine_photo.png\" alt=\"Product image\" class=\"mx-auto\">\n              <\/div>\n                        <\/div>\n            <div class=\"swiper-pagination\"><\/div>\n          <\/div>\n        <\/div>\n        <div class=\"mx-[12px] my-[30px] md:ml-[80px] md:my-auto md:py-[30px]\">\n          <div x-fade:left=\"{delay: 200}\" class=\"text-4xl text-white\">DL7210<\/div>\n          <div x-fade:left=\"{delay: 200}\" class=\"text-2xl text-white\">M\u00e1y may c\u00f4ng nghi\u1ec7p m\u1ed9t kim \u0111i\u1ec7n t\u1eed<\/div>\n          <hr x-clip=\"{delay: 400}\" class=\"border-white my-[20px]\">\n          <div x-fade:left=\"{delay: 600}\" class=\"\">\n            <div class=\"text-base text-white my-[20px]\"><\/div>\n                        <a href=\"https:\/\/siruba.com\/vn\/\/vn\/download\/dl7210_parts-list\" class=\"flex gap-[8px] group my-[10px]\">\n              <img class=\"text-white svg-fill-current my-auto min-w-[24px] min-h-[24px] group-hover:opacity-50\" data-src=\"https:\/\/siruba.com\/wp-content\/themes\/siruba\/assets\/svg\/icon-utility-download.svg\" alt=\"Download button\">\n              <div class=\"text-base text-white group-hover:opacity-50\">DL7210 parts list<\/div>\n            <\/a>\n                        <div class=\"inline-block w-full\">\n              <div class=\"flex flex-wrap\">\n                                    <a href=\"https:\/\/siruba.com\/electronic-control-parameter-manual\/\" target=\"\">\n                      <button class=\"button-white flex items-center gap-[8px] mb-[10px] mr-[20px]\">\n                          <img class=\"svg-fill-current inline-block min-w-[28px] min-h-[28px]\" data-src=\"https:\/\/siruba.com\/wp-content\/uploads\/2024\/10\/CONTROL-BOX2.svg\">\n                          <div class=\"text-base\">Control Box<\/div>\n                      <\/button>\n                  <\/a>\n                                    <button onclick=\"smoother.scrollTo('#contactus_pre_defined',true,'top 120px')\" class=\"button-white flex items-center gap-[8px] mr-[20px] mb-[10px]\">\n                      <img class=\"svg-fill-current inline-block min-w-[28px] min-h-[28px]\" data-src=\"https:\/\/siruba.com\/wp-content\/themes\/siruba\/assets\/svg\/icon-utility-price.svg\">\n                      <div class=\"text-base\">Get Price<\/div>\n                  <\/button>\n                                <\/div>\n            <\/div>\n                    \n          <\/div>\n        <\/div>\n      <\/div>\n    <\/div>\n<\/div>\n\n\n\n\n<section class=\"max-w-[1200px] mx-[12px] md:mx-[40px] xl:mx-auto my-[30px]\">\n    <div class=\"relative w-full border-b border-grey-100 flex overflow-x-auto\" id=\"scroll-menu-container\">\n    <!-- Left arrow (initially hidden) -->\n    <div id=\"left-arrow\" class=\"absolute left-[0px] top-1\/2 z-30 flex items-center justify-center p-2 rounded-full transform -translate-y-1\/2 cursor-pointer bg-black\/40 hover:bg-black\/20 hover:text-primary hover:border-primary text-white svg-fill-current border-white border-2 transition-colors duration-300 w-[32px] h-[32px] hidden\">\n        <img data-src=\"https:\/\/siruba.com\/wp-content\/themes\/siruba\/assets\/svg\/icon-utility-arrow-2.svg\" class=\"h-[17px] w-[17px] transform rotate-180\" alt=\"Previous\">\n    <\/div>\n\n    <!-- Scrollable Menu -->\n    <div class=\"w-full flex overflow-x-auto\" id=\"scroll-menu\">\n                \n                <a href=\"#\" @click.prevent=\"scrollto('#specification')\" class=\"whitespace-nowrap text-lg text-primary px-[20px] py-[10px] border-b-[2px] border-primary\">Specification<\/a>\n                    \n                <a href=\"#\" @click.prevent=\"scrollto('#Features')\" class=\"whitespace-nowrap text-lg text-grey-700 px-[20px] py-[10px]\">Features<\/a>\n                <\/div>\n\n    <!-- Right arrow -->\n    <div id=\"right-arrow\" class=\"absolute right-[0px] top-1\/2 z-30 flex items-center justify-center p-2 rounded-full transform -translate-y-1\/2 cursor-pointer bg-black\/40 hover:bg-black\/20 hover:text-primary hover:border-primary text-white svg-fill-current border-white border-2 transition-colors duration-300 w-[32px] h-[32px]\">\n        <img data-src=\"https:\/\/siruba.com\/wp-content\/themes\/siruba\/assets\/svg\/icon-utility-arrow-2.svg\" class=\"h-[17px] w-[17px] transform rotate-0\" alt=\"Next\">\n    <\/div>\n\n    <script>\n        document.addEventListener('DOMContentLoaded', () => {\n            const scrollMenu = document.getElementById('scroll-menu');\n            const leftArrow = document.getElementById('left-arrow');\n            const rightArrow = document.getElementById('right-arrow');\n\n            \/\/ Function to update arrow visibility based on scroll position\n            function updateArrows() {\n                \/\/ Show left arrow if scrolled right, otherwise hide it\n                if (scrollMenu.scrollLeft > 0) {\n                    leftArrow.style.display = 'flex';\n                } else {\n                    leftArrow.style.display = 'none';\n                }\n\n                \/\/ Show right arrow if not scrolled to the end, otherwise hide it\n                if (scrollMenu.scrollLeft + scrollMenu.offsetWidth < scrollMenu.scrollWidth) {\n                    rightArrow.style.display = 'flex';\n                } else {\n                    rightArrow.style.display = 'none';\n                }\n            }\n\n            \/\/ Check the scroll position and update arrows when the page loads\n            window.addEventListener('load', () => {\n                updateArrows();\n            });\n\n            \/\/ Listen to the scroll event and update arrow visibility accordingly\n            scrollMenu.addEventListener('scroll', updateArrows);\n\n            \/\/ Scroll right when the right arrow is clicked\n            rightArrow.addEventListener('click', () => {\n                scrollMenu.scrollBy({ left: 200, behavior: 'smooth' });\n            });\n\n            \/\/ Scroll left when the left arrow is clicked\n            leftArrow.addEventListener('click', () => {\n                scrollMenu.scrollBy({ left: -200, behavior: 'smooth' });\n            });\n        })\n    <\/script>\n    <\/div>\n<\/section>\n\n\n\n<div class=\"relative\">\n  <div id=\"specification\" class=\"\" style=\"position: absolute; top: -75px;\">\n  <\/div>\n<\/div>\n\n\n\n<div class=\"max-w-[1200px] mx-[12px] md:mx-[40px] xl:mx-auto mt-[28px]\">\n  <img decoding=\"async\" src=\"https:\/\/siruba.com\/wp-content\/uploads\/2025\/01\/DL7210_SPEC_VI.jpg\" alt=\"image\" class=\"w-full\">\n<\/div>\n\n\n\n<div class=\"relative\">\n  <div id=\"Features\" class=\"\" style=\"position: absolute; top: -75px;\">\n  <\/div>\n<\/div>\n\n\n\n<div class=\"max-w-[1200px] mx-[12px] md:mx-[40px] xl:mx-auto mt-[28px]\">\n  <div class=\"text-3xl mb-[8px]\">Features<\/div>\n  <div class=\"text-base text-grey-700 ml-[8px]\">M\u00e1y n\u00e0y l\u00e0 m\u00e1y may kh\u00f3a c\u1eaft ch\u1ec9 t\u1ef1 \u0111\u1ed9ng m\u1ed9t kim , s\u1eed d\u1ee5ng m\u00e0n h\u00ecnh n\u00fat, b\u1ea1n ch\u1ec9 c\u1ea7n nh\u1ea5p v\u00e0 nh\u1eadp b\u1eb1ng \u0111\u1ea7u ng\u00f3n tay l\u00e0 c\u00f3 th\u1ec3 d\u1ec5 d\u00e0ng ho\u00e0n th\u00e0nh c\u00e0i \u0111\u1eb7t ch\u1ee9c n\u0103ng may. C\u00e1c c\u00e0i \u0111\u1eb7t thao t\u00e1c ch\u00ednh r\u1ea5t \u0111\u01a1n gi\u1ea3n v\u00e0 m\u1ed9t s\u1ed1 l\u01b0\u1ee3ng l\u1edbn c\u00e1c bi\u1ec3u t\u01b0\u1ee3ng minh h\u1ecda d\u1ec5 hi\u1ec3u \u0111\u01b0\u1ee3c s\u1eed d\u1ee5ng \u0111\u1ec3 thao t\u00e1c tr\u1ef1c quan. \u0110\u1ed9ng c\u01a1 servo truy\u1ec1n \u0111\u1ed9ng tr\u1ef1c ti\u1ebfp gi\u00fap ti\u1ebft ki\u1ec7m \u0111i\u1ec7n n\u0103ng h\u01a1n 70% so v\u1edbi m\u00e1y th\u00f4ng th\u01b0\u1eddng, \u00edt \u1ed3n, kh\u00f4ng b\u1ee9c x\u1ea1 v\u00e0 th\u00e2n thi\u1ec7n v\u1edbi m\u00f4i tr\u01b0\u1eddng. Th\u00edch h\u1ee3p cho c\u00e1c v\u1eadt li\u1ec7u kh\u00e1c nhau do thi\u1ebft k\u1ebf gi\u1ea3m ti\u1ebfng \u1ed3n ti\u00ean ti\u1ebfn. M\u00e1y v\u1eabn c\u00f3 th\u1ec3 duy tr\u00ec \u0111\u1ed9 tin c\u1eady v\u00e0 \u0111\u1ed9 b\u1ec1n khi v\u1eadn h\u00e0nh \u1edf t\u1ed1c \u0111\u1ed9 cao 4000 v\u00f2ng\/ph\u00fat, n\u00e2ng cao hi\u1ec7u qu\u1ea3 s\u1ea3n xu\u1ea5t \u0111\u00e1ng k\u1ec3<\/div>\n<\/div>\n\n\n\n\n<div class=\"wp-block-group padding-left-12  padding-right-12 is-layout-constrained wp-container-core-group-is-layout-48c9aa2a wp-block-group-is-layout-constrained\">\n<figure class=\"wp-block-image size-large is-resized hide sm-hide md-show lg-show xl-show\"><img loading=\"lazy\" decoding=\"async\" width=\"1024\" height=\"264\" src=\"https:\/\/siruba.com\/wp-content\/uploads\/2024\/11\/DL7210_SPEC2_EN-1024x264.jpg\" alt=\"\" class=\"wp-image-7304\" style=\"width:1200px\" srcset=\"https:\/\/siruba.com\/wp-content\/uploads\/2024\/11\/DL7210_SPEC2_EN-1024x264.jpg 1024w, https:\/\/siruba.com\/wp-content\/uploads\/2024\/11\/DL7210_SPEC2_EN-300x77.jpg 300w, https:\/\/siruba.com\/wp-content\/uploads\/2024\/11\/DL7210_SPEC2_EN-768x198.jpg 768w, https:\/\/siruba.com\/wp-content\/uploads\/2024\/11\/DL7210_SPEC2_EN.jpg 1209w\" sizes=\"auto, (max-width: 1024px) 100vw, 1024px\" \/><\/figure>\n<\/div>\n\n\n\n<div class=\"wp-block-group padding-left-12  padding-right-12 is-layout-constrained wp-block-group-is-layout-constrained\">\n<figure class=\"wp-block-image size-full show sm-show md-hide lg-hide xl-hide\"><img loading=\"lazy\" decoding=\"async\" width=\"417\" height=\"476\" src=\"https:\/\/siruba.com\/wp-content\/uploads\/2024\/12\/DL7210_SPEC2_EN_mobile.webp\" alt=\"\" class=\"wp-image-24111\" srcset=\"https:\/\/siruba.com\/wp-content\/uploads\/2024\/12\/DL7210_SPEC2_EN_mobile.webp 417w, https:\/\/siruba.com\/wp-content\/uploads\/2024\/12\/DL7210_SPEC2_EN_mobile-263x300.webp 263w\" sizes=\"auto, (max-width: 417px) 100vw, 417px\" \/><\/figure>\n<\/div>\n\n\n\n<script>\n    document.addEventListener('DOMContentLoaded', () => {\n      const productsSwiper = new Swiper('.related-products-swiper', {\n                slidesPerView: 2,\n                centeredSlides: true,\n                loop: true,\n                grid: {\n                    rows: 1,\n                },\n                speed: 600,\n                breakpoints: {\n                    700: {\n                        slidesPerView: 2,\n                        centeredSlides: false,\n                        spaceBetween: 60\n                    },\n                    1000: {\n                        slidesPerView: 3,\n                        centeredSlides: false,\n                        spaceBetween: 60\n                    }\n                },\n                navigation: {\n                    nextEl: '.product-next-button',\n                    prevEl: '.product-prev-button',\n                },\n                autoplay: {\n                    delay: 3000,\n                },\n            });\n    });\n<\/script>\n<div class=\"2xl:hidden swiper related-products-swiper md:!px-[40px] mt-[60px] mb-[30px] max-w-[1920px] mx-auto\">\n  <div x-char-r class=\"text-5xl text-center\">RELATED PRODUCTS<\/div>\n  <div class=\"swiper-wrapper my-[20px] md:my-[40px]\">\n              <div class=\"swiper-slide\">\n        <div class=\"mx-auto max-w-[360px] px-[12px] md:px-0\">\n          <a href=\"https:\/\/siruba.com\/vn\/product\/dl720\/\" class=\"group\">\n            <img decoding=\"async\" class=\"group-hover:translate-y-[-10px] transition-transform duration-300 ease-in-out\" src=\"https:\/\/siruba.com\/wp-content\/uploads\/2024\/11\/DL720_Lockstitch-sewing-machine_photo.png\" alt=\"Product image\">\n            <div class=\"text-lg text-primary text-center mt-[5px] transition-colors duration-300\">DL720<\/div>\n            <div class=\"text-xs md:text-base text-grey-700 text-center\">M\u00e1y \u0110\u1ecbnh V\u1ecb Kim D\u1ea1ng Li\u1ec1n Tr\u1ee5c<\/div>\n          <\/a>\n        <\/div>\n      <\/div>\n          <div class=\"swiper-slide\">\n        <div class=\"mx-auto max-w-[360px] px-[12px] md:px-0\">\n          <a href=\"https:\/\/siruba.com\/vn\/product\/dl720-rm1\/\" class=\"group\">\n            <img decoding=\"async\" class=\"group-hover:translate-y-[-10px] transition-transform duration-300 ease-in-out\" src=\"https:\/\/siruba.com\/wp-content\/uploads\/2024\/11\/DL720-RM1_Lockstitch-sewing-machine_photo.png\" alt=\"Product image\">\n            <div class=\"text-lg text-primary text-center mt-[5px] transition-colors duration-300\">DL720-RM1<\/div>\n            <div class=\"text-xs md:text-base text-grey-700 text-center\">M\u00e1y May C\u00f4ng Nghi\u1ec7p M\u1ed9t Kim X\u00e9n Li\u1ec1n Tr\u1ee5c<\/div>\n          <\/a>\n        <\/div>\n      <\/div>\n          <div class=\"swiper-slide\">\n        <div class=\"mx-auto max-w-[360px] px-[12px] md:px-0\">\n          <a href=\"https:\/\/siruba.com\/vn\/product\/dl720g\/\" class=\"group\">\n            <img decoding=\"async\" class=\"group-hover:translate-y-[-10px] transition-transform duration-300 ease-in-out\" src=\"https:\/\/siruba.com\/wp-content\/uploads\/2024\/11\/DL720G_Lockstitch-sewing-machine_photo.png\" alt=\"Product image\">\n            <div class=\"text-lg text-primary text-center mt-[5px] transition-colors duration-300\">DL720G<\/div>\n            <div class=\"text-xs md:text-base text-grey-700 text-center\">M\u00e1y m\u1ed9t kim c\u1eaft ch\u1ec9 t\u1ef1 \u0111\u1ed9ng<\/div>\n          <\/a>\n        <\/div>\n      <\/div>\n          <\/div>\n  <div class=\"flex justify-center gap-[28px]\">\n      <div\n          class=\"product-prev-button w-[50px] h-[50px] flex items-center justify-center p-2 rounded-full cursor-pointer hover:text-primary hover:border-primary text-grey-300 svg-fill-current border-grey-300 border-2 transition-colors duration-300\">\n          <img data-src=\"https:\/\/siruba.com\/wp-content\/themes\/siruba\/assets\/svg\/icon-utility-arrow-2.svg\" class=\"h-6 w-6 transform rotate-180\"\n              alt=\"Previous\">\n      <\/div>\n      <div\n          class=\"product-next-button w-[50px] h-[50px] flex items-center justify-center p-2 rounded-full cursor-pointer hover:text-primary hover:border-primary text-grey-300 svg-fill-current border-grey-300 border-2 transition-colors duration-300\">\n          <img data-src=\"https:\/\/siruba.com\/wp-content\/themes\/siruba\/assets\/svg\/icon-utility-arrow-2.svg\" class=\"h-6 w-6 transform rotate-0\" alt=\"Next\">\n      <\/div>\n  <\/div>\n<\/div>\n<!-- Products swiper big-->\n<div class=\"hidden 2xl:flex max-w-[1920px] mx-auto mt-[60px]\">\n  <img decoding=\"async\" class=\"\" src=\"https:\/\/siruba.com\/wp-content\/themes\/siruba\/assets\/img\/bg-product-post-related-1.png\" alt=\"\">\n  <div class=\"grow\">\n    <div x-char-r class=\"text-5xl text-center mt-[30px] md:mt-[60px] mb-[40px]\">RELATED PRODUCTS<\/div>\n    <div class=\"grid grid-cols-3 gap-[60px]\">\n                  <a href=\"https:\/\/siruba.com\/vn\/product\/dl720\/\" class=\"group\">\n        <img class=\"group-hover:translate-y-[-10px] transition-transform duration-300 ease-in-out\" src=https:\/\/siruba.com\/wp-content\/uploads\/2024\/11\/DL720_Lockstitch-sewing-machine_photo.png alt=\"Product image\">\n        <div class=\"text-lg text-primary text-center mt-[5px] transition-colors duration-300\">DL720<\/div>\n        <div class=\"text-base text-grey-700 text-center\">M\u00e1y \u0110\u1ecbnh V\u1ecb Kim D\u1ea1ng Li\u1ec1n Tr\u1ee5c<\/div>\n      <\/a>\n            <a href=\"https:\/\/siruba.com\/vn\/product\/dl720-rm1\/\" class=\"group\">\n        <img class=\"group-hover:translate-y-[-10px] transition-transform duration-300 ease-in-out\" src=https:\/\/siruba.com\/wp-content\/uploads\/2024\/11\/DL720-RM1_Lockstitch-sewing-machine_photo.png alt=\"Product image\">\n        <div class=\"text-lg text-primary text-center mt-[5px] transition-colors duration-300\">DL720-RM1<\/div>\n        <div class=\"text-base text-grey-700 text-center\">M\u00e1y May C\u00f4ng Nghi\u1ec7p M\u1ed9t Kim X\u00e9n Li\u1ec1n Tr\u1ee5c<\/div>\n      <\/a>\n            <a href=\"https:\/\/siruba.com\/vn\/product\/dl720g\/\" class=\"group\">\n        <img class=\"group-hover:translate-y-[-10px] transition-transform duration-300 ease-in-out\" src=https:\/\/siruba.com\/wp-content\/uploads\/2024\/11\/DL720G_Lockstitch-sewing-machine_photo.png alt=\"Product image\">\n        <div class=\"text-lg text-primary text-center mt-[5px] transition-colors duration-300\">DL720G<\/div>\n        <div class=\"text-base text-grey-700 text-center\">M\u00e1y m\u1ed9t kim c\u1eaft ch\u1ec9 t\u1ef1 \u0111\u1ed9ng<\/div>\n      <\/a>\n                <\/div>\n  <\/div>\n  <img decoding=\"async\" class=\"\" src=\"https:\/\/siruba.com\/wp-content\/themes\/siruba\/assets\/img\/bg-product-post-related-2.png\" alt=\"\">\n<\/div>\n\n","protected":false},"excerpt":{"rendered":"<p>M\u00e1y may c\u00f4ng nghi\u1ec7p m\u1ed9t kim \u0111i\u1ec7n t\u1eed<\/p>\n","protected":false},"featured_media":16713,"template":"","product-category":[224],"class_list":["post-25997","product","type-product","status-publish","has-post-thumbnail","hentry","product-category-lockstitch-sewing-machine-vn"],"acf":[],"yoast_head":"<!-- This site is optimized with the Yoast SEO plugin v26.1.1 - https:\/\/yoast.com\/wordpress\/plugins\/seo\/ -->\n<title>DL7210 - SiRUBA Sewing Machine | KAULIN Official<\/title>\n<meta name=\"robots\" content=\"index, follow, max-snippet:-1, max-image-preview:large, max-video-preview:-1\" \/>\n<link rel=\"canonical\" href=\"https:\/\/siruba.com\/vn\/product\/dl7210\/\" \/>\n<meta property=\"og:locale\" content=\"en_US\" \/>\n<meta property=\"og:type\" content=\"article\" \/>\n<meta property=\"og:title\" content=\"DL7210 - SiRUBA Sewing Machine | KAULIN Official\" \/>\n<meta property=\"og:description\" content=\"M\u00e1y may c\u00f4ng nghi\u1ec7p m\u1ed9t kim \u0111i\u1ec7n t\u1eed\" \/>\n<meta property=\"og:url\" content=\"https:\/\/siruba.com\/vn\/product\/dl7210\/\" \/>\n<meta property=\"og:site_name\" content=\"SiRUBA Sewing Machine | KAULIN Official\" \/>\n<meta property=\"article:modified_time\" content=\"2025-01-08T01:36:47+00:00\" \/>\n<meta property=\"og:image\" content=\"https:\/\/siruba.com\/wp-content\/uploads\/2024\/11\/DL7210_Lockstitch-sewing-machine_photo.png\" \/>\n\t<meta property=\"og:image:width\" content=\"600\" \/>\n\t<meta property=\"og:image:height\" content=\"600\" \/>\n\t<meta property=\"og:image:type\" content=\"image\/png\" \/>\n<meta name=\"twitter:card\" content=\"summary_large_image\" \/>\n<meta name=\"twitter:label1\" content=\"Est. reading time\" \/>\n\t<meta name=\"twitter:data1\" content=\"1 minute\" \/>\n<script type=\"application\/ld+json\" class=\"yoast-schema-graph\">{\"@context\":\"https:\/\/schema.org\",\"@graph\":[{\"@type\":\"WebPage\",\"@id\":\"https:\/\/siruba.com\/vn\/product\/dl7210\/\",\"url\":\"https:\/\/siruba.com\/vn\/product\/dl7210\/\",\"name\":\"DL7210 - SiRUBA Sewing Machine | KAULIN Official\",\"isPartOf\":{\"@id\":\"https:\/\/siruba.com\/#website\"},\"primaryImageOfPage\":{\"@id\":\"https:\/\/siruba.com\/vn\/product\/dl7210\/#primaryimage\"},\"image\":{\"@id\":\"https:\/\/siruba.com\/vn\/product\/dl7210\/#primaryimage\"},\"thumbnailUrl\":\"https:\/\/siruba.com\/wp-content\/uploads\/2024\/11\/DL7210_Lockstitch-sewing-machine_photo.png\",\"datePublished\":\"2024-10-03T08:55:23+00:00\",\"dateModified\":\"2025-01-08T01:36:47+00:00\",\"breadcrumb\":{\"@id\":\"https:\/\/siruba.com\/vn\/product\/dl7210\/#breadcrumb\"},\"inLanguage\":\"vn\",\"potentialAction\":[{\"@type\":\"ReadAction\",\"target\":[\"https:\/\/siruba.com\/vn\/product\/dl7210\/\"]}]},{\"@type\":\"ImageObject\",\"inLanguage\":\"vn\",\"@id\":\"https:\/\/siruba.com\/vn\/product\/dl7210\/#primaryimage\",\"url\":\"https:\/\/siruba.com\/wp-content\/uploads\/2024\/11\/DL7210_Lockstitch-sewing-machine_photo.png\",\"contentUrl\":\"https:\/\/siruba.com\/wp-content\/uploads\/2024\/11\/DL7210_Lockstitch-sewing-machine_photo.png\",\"width\":600,\"height\":600},{\"@type\":\"BreadcrumbList\",\"@id\":\"https:\/\/siruba.com\/vn\/product\/dl7210\/#breadcrumb\",\"itemListElement\":[{\"@type\":\"ListItem\",\"position\":1,\"name\":\"Home\",\"item\":\"https:\/\/siruba.com\/vn\/\"},{\"@type\":\"ListItem\",\"position\":2,\"name\":\"Products\",\"item\":\"https:\/\/siruba.com\/product\/\"},{\"@type\":\"ListItem\",\"position\":3,\"name\":\"DL7210\"}]},{\"@type\":\"WebSite\",\"@id\":\"https:\/\/siruba.com\/#website\",\"url\":\"https:\/\/siruba.com\/\",\"name\":\"SiRUBA Sewing Machine | KAULIN Official\",\"description\":\"KAULIN MFG. CO., LTD.,  found in 1965, and for half a century, we develop and manufacture industrial sewing machines, to provide service and solution all around the world for our customers and partners.\",\"potentialAction\":[{\"@type\":\"SearchAction\",\"target\":{\"@type\":\"EntryPoint\",\"urlTemplate\":\"https:\/\/siruba.com\/?s={search_term_string}\"},\"query-input\":{\"@type\":\"PropertyValueSpecification\",\"valueRequired\":true,\"valueName\":\"search_term_string\"}}],\"inLanguage\":\"vn\"}]}<\/script>\n<!-- \/ Yoast SEO plugin. -->","yoast_head_json":{"title":"DL7210 - SiRUBA Sewing Machine | KAULIN Official","robots":{"index":"index","follow":"follow","max-snippet":"max-snippet:-1","max-image-preview":"max-image-preview:large","max-video-preview":"max-video-preview:-1"},"canonical":"https:\/\/siruba.com\/vn\/product\/dl7210\/","og_locale":"en_US","og_type":"article","og_title":"DL7210 - SiRUBA Sewing Machine | KAULIN Official","og_description":"M\u00e1y may c\u00f4ng nghi\u1ec7p m\u1ed9t kim \u0111i\u1ec7n t\u1eed","og_url":"https:\/\/siruba.com\/vn\/product\/dl7210\/","og_site_name":"SiRUBA Sewing Machine | KAULIN Official","article_modified_time":"2025-01-08T01:36:47+00:00","og_image":[{"width":600,"height":600,"url":"https:\/\/siruba.com\/wp-content\/uploads\/2024\/11\/DL7210_Lockstitch-sewing-machine_photo.png","type":"image\/png"}],"twitter_card":"summary_large_image","twitter_misc":{"Est. reading time":"1 minute"},"schema":{"@context":"https:\/\/schema.org","@graph":[{"@type":"WebPage","@id":"https:\/\/siruba.com\/vn\/product\/dl7210\/","url":"https:\/\/siruba.com\/vn\/product\/dl7210\/","name":"DL7210 - SiRUBA Sewing Machine | KAULIN Official","isPartOf":{"@id":"https:\/\/siruba.com\/#website"},"primaryImageOfPage":{"@id":"https:\/\/siruba.com\/vn\/product\/dl7210\/#primaryimage"},"image":{"@id":"https:\/\/siruba.com\/vn\/product\/dl7210\/#primaryimage"},"thumbnailUrl":"https:\/\/siruba.com\/wp-content\/uploads\/2024\/11\/DL7210_Lockstitch-sewing-machine_photo.png","datePublished":"2024-10-03T08:55:23+00:00","dateModified":"2025-01-08T01:36:47+00:00","breadcrumb":{"@id":"https:\/\/siruba.com\/vn\/product\/dl7210\/#breadcrumb"},"inLanguage":"vn","potentialAction":[{"@type":"ReadAction","target":["https:\/\/siruba.com\/vn\/product\/dl7210\/"]}]},{"@type":"ImageObject","inLanguage":"vn","@id":"https:\/\/siruba.com\/vn\/product\/dl7210\/#primaryimage","url":"https:\/\/siruba.com\/wp-content\/uploads\/2024\/11\/DL7210_Lockstitch-sewing-machine_photo.png","contentUrl":"https:\/\/siruba.com\/wp-content\/uploads\/2024\/11\/DL7210_Lockstitch-sewing-machine_photo.png","width":600,"height":600},{"@type":"BreadcrumbList","@id":"https:\/\/siruba.com\/vn\/product\/dl7210\/#breadcrumb","itemListElement":[{"@type":"ListItem","position":1,"name":"Home","item":"https:\/\/siruba.com\/vn\/"},{"@type":"ListItem","position":2,"name":"Products","item":"https:\/\/siruba.com\/product\/"},{"@type":"ListItem","position":3,"name":"DL7210"}]},{"@type":"WebSite","@id":"https:\/\/siruba.com\/#website","url":"https:\/\/siruba.com\/","name":"SiRUBA Sewing Machine | KAULIN Official","description":"KAULIN MFG. CO., LTD.,  found in 1965, and for half a century, we develop and manufacture industrial sewing machines, to provide service and solution all around the world for our customers and partners.","potentialAction":[{"@type":"SearchAction","target":{"@type":"EntryPoint","urlTemplate":"https:\/\/siruba.com\/?s={search_term_string}"},"query-input":{"@type":"PropertyValueSpecification","valueRequired":true,"valueName":"search_term_string"}}],"inLanguage":"vn"}]}},"_links":{"self":[{"href":"https:\/\/siruba.com\/vn\/wp-json\/wp\/v2\/product\/25997","targetHints":{"allow":["GET"]}}],"collection":[{"href":"https:\/\/siruba.com\/vn\/wp-json\/wp\/v2\/product"}],"about":[{"href":"https:\/\/siruba.com\/vn\/wp-json\/wp\/v2\/types\/product"}],"wp:featuredmedia":[{"embeddable":true,"href":"https:\/\/siruba.com\/vn\/wp-json\/wp\/v2\/media\/16713"}],"wp:attachment":[{"href":"https:\/\/siruba.com\/vn\/wp-json\/wp\/v2\/media?parent=25997"}],"wp:term":[{"taxonomy":"product-category","embeddable":true,"href":"https:\/\/siruba.com\/vn\/wp-json\/wp\/v2\/product-category?post=25997"}],"curies":[{"name":"wp","href":"https:\/\/api.w.org\/{rel}","templated":true}]}}