{"id":27752,"date":"2024-12-05T06:47:40","date_gmt":"2024-12-05T06:47:40","guid":{"rendered":"https:\/\/siruba.com\/product\/lks-1900d\/"},"modified":"2025-01-22T07:22:45","modified_gmt":"2025-01-22T07:22:45","slug":"lks-1900d","status":"publish","type":"product","link":"https:\/\/siruba.com\/es\/product\/lks-1900d\/","title":{"rendered":"LKS-1900D"},"content":{"rendered":"\n<div class=\"relative overflow-hidden mt-[50px] xl:mt-[68px] max-w-[1920px] mx-auto\">\n  <script>\n      document.addEventListener('DOMContentLoaded', () => {\n        const swiper = new Swiper(\".productSwiper\", {\n          pagination: {\n            el: \".swiper-pagination\",\n          },\n        });\n      })\n  <\/script>\n    <img decoding=\"async\" src=\"https:\/\/siruba.com\/wp-content\/uploads\/2024\/10\/bg-product-post.png\" alt=\"Background image\" class=\"absolute inset-0 w-full h-full object-cover z-0\">\n    <div class=\"absolute inset-0 w-full h-full bg-gradient-to-r from-primarylight to-primary opacity-90 z-10\"><\/div>\n    <div class=\"relative z-20 max-w-[1200px] mx-auto\">\n      <div class=\"grid grid-cols-1 md:grid-cols-2\">\n        <div class=\"relative\">\n          <img decoding=\"async\" src=\"https:\/\/siruba.com\/wp-content\/uploads\/2024\/10\/bg-product.png\" alt=\"Background\" class=\"absolute inset-0 w-full h-full object-cover z-0\">\n          <div class=\"swiper productSwiper relative w-full z-10\">\n            <div class=\"swiper-wrapper\">\n                          <div class=\"swiper-slide\">\n                <img decoding=\"async\" src=\"https:\/\/siruba.com\/wp-content\/uploads\/2024\/12\/LKS-1900D-Series_Computer-controlled-machine_photo.png\" alt=\"Product image\" class=\"mx-auto\">\n              <\/div>\n                        <\/div>\n            <div class=\"swiper-pagination\"><\/div>\n          <\/div>\n        <\/div>\n        <div class=\"mx-[12px] my-[30px] md:ml-[80px] md:my-auto md:py-[30px]\">\n          <div x-fade:left=\"{delay: 200}\" class=\"text-4xl text-white\">LKS-1900D<\/div>\n          <div x-fade:left=\"{delay: 200}\" class=\"text-2xl text-white\">M\u00e1quina de puntada de cadeneta y presillado de alta velocidad controlada por computadora<\/div>\n          <hr x-clip=\"{delay: 400}\" class=\"border-white my-[20px]\">\n          <div x-fade:left=\"{delay: 600}\" class=\"\">\n            <div class=\"text-base text-white my-[20px]\"><\/div>\n                        <a href=\"https:\/\/siruba.com\/es\/\/es\/download\/lks-1900d-series_parts-list\" class=\"flex gap-[8px] group my-[10px]\">\n              <img class=\"text-white svg-fill-current my-auto min-w-[24px] min-h-[24px] group-hover:opacity-50\" data-src=\"https:\/\/siruba.com\/wp-content\/themes\/siruba\/assets\/svg\/icon-utility-download.svg\" alt=\"Download button\">\n              <div class=\"text-base text-white group-hover:opacity-50\">LKS-1900D lista de piezas<\/div>\n            <\/a>\n                        <div class=\"inline-block w-full\">\n              <div class=\"flex flex-wrap\">\n                                    <a href=\"https:\/\/siruba.com\/electronic-control-parameter-manual\/\" target=\"\">\n                      <button class=\"button-white flex items-center gap-[8px] mb-[10px] mr-[20px]\">\n                          <img class=\"svg-fill-current inline-block min-w-[28px] min-h-[28px]\" data-src=\"https:\/\/siruba.com\/wp-content\/uploads\/2024\/10\/CONTROL-BOX2.svg\">\n                          <div class=\"text-base\">Caja de control<\/div>\n                      <\/button>\n                  <\/a>\n                                    <button onclick=\"smoother.scrollTo('#contactus_pre_defined',true,'top 120px')\" class=\"button-white flex items-center gap-[8px] mr-[20px] mb-[10px]\">\n                      <img class=\"svg-fill-current inline-block min-w-[28px] min-h-[28px]\" data-src=\"https:\/\/siruba.com\/wp-content\/themes\/siruba\/assets\/svg\/icon-utility-price.svg\">\n                      <div class=\"text-base\">Obtener cotizaci\u00f3n<\/div>\n                  <\/button>\n                                <\/div>\n            <\/div>\n                    \n          <\/div>\n        <\/div>\n      <\/div>\n    <\/div>\n<\/div>\n\n\n\n\n<section class=\"max-w-[1200px] mx-[12px] md:mx-[40px] xl:mx-auto my-[30px]\">\n    <div class=\"relative w-full border-b border-grey-100 flex overflow-x-auto\" id=\"scroll-menu-container\">\n    <!-- Left arrow (initially hidden) -->\n    <div id=\"left-arrow\" class=\"absolute left-[0px] top-1\/2 z-30 flex items-center justify-center p-2 rounded-full transform -translate-y-1\/2 cursor-pointer bg-black\/40 hover:bg-black\/20 hover:text-primary hover:border-primary text-white svg-fill-current border-white border-2 transition-colors duration-300 w-[32px] h-[32px] hidden\">\n        <img data-src=\"https:\/\/siruba.com\/wp-content\/themes\/siruba\/assets\/svg\/icon-utility-arrow-2.svg\" class=\"h-[17px] w-[17px] transform rotate-180\" alt=\"Previous\">\n    <\/div>\n\n    <!-- Scrollable Menu -->\n    <div class=\"w-full flex overflow-x-auto\" id=\"scroll-menu\">\n                \n                <a href=\"#\" @click.prevent=\"scrollto('#specification')\" class=\"whitespace-nowrap text-lg text-primary px-[20px] py-[10px] border-b-[2px] border-primary\">Especificaci\u00f3n<\/a>\n                    \n                <a href=\"#\" @click.prevent=\"scrollto('#Features')\" class=\"whitespace-nowrap text-lg text-grey-700 px-[20px] py-[10px]\">Caracter\u00edsticas<\/a>\n                <\/div>\n\n    <!-- Right arrow -->\n    <div id=\"right-arrow\" class=\"absolute right-[0px] top-1\/2 z-30 flex items-center justify-center p-2 rounded-full transform -translate-y-1\/2 cursor-pointer bg-black\/40 hover:bg-black\/20 hover:text-primary hover:border-primary text-white svg-fill-current border-white border-2 transition-colors duration-300 w-[32px] h-[32px]\">\n        <img data-src=\"https:\/\/siruba.com\/wp-content\/themes\/siruba\/assets\/svg\/icon-utility-arrow-2.svg\" class=\"h-[17px] w-[17px] transform rotate-0\" alt=\"Next\">\n    <\/div>\n\n    <script>\n        document.addEventListener('DOMContentLoaded', () => {\n            const scrollMenu = document.getElementById('scroll-menu');\n            const leftArrow = document.getElementById('left-arrow');\n            const rightArrow = document.getElementById('right-arrow');\n\n            \/\/ Function to update arrow visibility based on scroll position\n            function updateArrows() {\n                \/\/ Show left arrow if scrolled right, otherwise hide it\n                if (scrollMenu.scrollLeft > 0) {\n                    leftArrow.style.display = 'flex';\n                } else {\n                    leftArrow.style.display = 'none';\n                }\n\n                \/\/ Show right arrow if not scrolled to the end, otherwise hide it\n                if (scrollMenu.scrollLeft + scrollMenu.offsetWidth < scrollMenu.scrollWidth) {\n                    rightArrow.style.display = 'flex';\n                } else {\n                    rightArrow.style.display = 'none';\n                }\n            }\n\n            \/\/ Check the scroll position and update arrows when the page loads\n            window.addEventListener('load', () => {\n                updateArrows();\n            });\n\n            \/\/ Listen to the scroll event and update arrow visibility accordingly\n            scrollMenu.addEventListener('scroll', updateArrows);\n\n            \/\/ Scroll right when the right arrow is clicked\n            rightArrow.addEventListener('click', () => {\n                scrollMenu.scrollBy({ left: 200, behavior: 'smooth' });\n            });\n\n            \/\/ Scroll left when the left arrow is clicked\n            leftArrow.addEventListener('click', () => {\n                scrollMenu.scrollBy({ left: -200, behavior: 'smooth' });\n            });\n        })\n    <\/script>\n    <\/div>\n<\/section>\n\n\n\n<div class=\"relative\">\n  <div id=\"specification\" class=\"\" style=\"position: absolute; top: -75px;\">\n  <\/div>\n<\/div>\n\n\n\n<div class=\"max-w-[1200px] mx-[12px] md:mx-[40px] xl:mx-auto mt-[28px]\">\n  <img decoding=\"async\" src=\"https:\/\/siruba.com\/wp-content\/uploads\/2025\/01\/LKS-1900D-Serie_SPEC1_ES.jpg\" alt=\"image\" class=\"w-full\">\n<\/div>\n\n\n\n<div class=\"relative\">\n  <div id=\"Features\" class=\"\" style=\"position: absolute; top: -75px;\">\n  <\/div>\n<\/div>\n\n\n\n<div class=\"max-w-[1200px] mx-[12px] md:mx-[40px] xl:mx-auto mt-[28px]\">\n  <div class=\"text-3xl mb-[8px]\">Caracter\u00edsticas<\/div>\n  <div class=\"text-base text-grey-700 ml-[8px]\"><\/div>\n<\/div>\n\n\n\n\n<div class=\"wp-block-group padding-left-12  padding-right-12 is-layout-constrained wp-container-core-group-is-layout-48c9aa2a wp-block-group-is-layout-constrained\">\n<div class=\"wp-block-columns is-layout-flex wp-container-core-columns-is-layout-9d6595d7 wp-block-columns-is-layout-flex\">\n<div class=\"wp-block-column is-vertically-aligned-top is-layout-flow wp-block-column-is-layout-flow\" style=\"flex-basis:30%\">\n<p>\u25cf Enfoque en la calidad, eficiencia y rendimiento.<br>\u25cf La caja de control y el cabezal de la m\u00e1quina se conectan entre s\u00ed; f\u00e1cil de instalar.<br>\u25cf Panel de control completamente nuevo, f\u00e1cil de usar.<br>\u25cf Nuevo dise\u00f1o para el elevador autom\u00e1tico del prensatelas y para el cortahilos autom\u00e1tico; con un rendimiento m\u00e1s r\u00e1pido y estable.<br>\u25cf Cabezal de la m\u00e1quina con estructura libre de aceite; sin manchas de aceite; respetuoso con el medio ambiente.<br>\u25cf Estructura sellada de lubricaci\u00f3n; bajo nivel de ruido; mayor vida \u00fatil.<\/p>\n<\/div>\n\n\n\n<div class=\"wp-block-column is-vertically-aligned-top is-layout-flow wp-block-column-is-layout-flow\" style=\"flex-basis:70%\">\n<p><strong>1.Excelente calidad de costura:<br><\/strong>Con pinza para el hilo de la aguja, que evita que el hilo se salga del orificio de la aguja al comienzo de la costura, que se formen nidos de p\u00e1jaros en la parte inferior y que se produzcan manchas de aceite. Gracias al avanzado mecanismo de corte de hilo, se puede acortar el extremo restante del hilo.<\/p>\n\n\n\n<p><strong>2.Sistema de control cerrado:<br><\/strong>El sistema de control cerrado del motor paso a paso puede monitorear de forma inmediata el movimiento mec\u00e1nico, compensar y corregir las desviaciones, reducir el tiempo de reacci\u00f3n, aumentar la eficiencia y la precisi\u00f3n y garantizar la productividad.<\/p>\n\n\n\n<p><strong>3.Mayor productividad:<br><\/strong>La m\u00e1quina alcanza una alta velocidad de 3,300 SPM, adem\u00e1s del rendimiento de costura a alta velocidad, el tiempo de ciclo se puede reducir sustancialmente.<\/p>\n<\/div>\n<\/div>\n\n\n\n<div class=\"wp-block-columns is-layout-flex wp-container-core-columns-is-layout-9d6595d7 wp-block-columns-is-layout-flex\">\n<div class=\"wp-block-column is-vertically-aligned-center is-layout-flow wp-block-column-is-layout-flow\" style=\"flex-basis:50%\">\n<figure class=\"wp-block-table\"><table class=\"has-fixed-layout\"><tbody><tr><td colspan=\"3\">Comparaci\u00f3n de sistemas abiertos y cerrados<\/td><\/tr><tr><td><strong>Art\u00edculo<\/strong><\/td><td>Feedback<\/td><td>Reaction of deviation compensation<\/td><\/tr><tr><td><strong>Abierto<\/strong><\/td><td>No<\/td><td>No<\/td><\/tr><tr><td><strong>Cerrada<\/strong><\/td><td>S\u00ed<\/td><td>S\u00ed<\/td><\/tr><\/tbody><\/table><\/figure>\n<\/div>\n\n\n\n<div class=\"wp-block-column is-vertically-aligned-top is-layout-flow wp-block-column-is-layout-flow\" style=\"flex-basis:50%\">\n<figure class=\"wp-block-image size-full\"><img loading=\"lazy\" decoding=\"async\" width=\"582\" height=\"300\" src=\"https:\/\/siruba.com\/wp-content\/uploads\/2025\/01\/LKS-1900D-Serie_SPEC2_ES.jpg\" alt=\"\" class=\"wp-image-29101\" srcset=\"https:\/\/siruba.com\/wp-content\/uploads\/2025\/01\/LKS-1900D-Serie_SPEC2_ES.jpg 582w, https:\/\/siruba.com\/wp-content\/uploads\/2025\/01\/LKS-1900D-Serie_SPEC2_ES-300x155.jpg 300w\" sizes=\"auto, (max-width: 582px) 100vw, 582px\" \/><\/figure>\n<\/div>\n<\/div>\n<\/div>\n","protected":false},"excerpt":{"rendered":"<p>M\u00e1quina de puntada de cadeneta y presillado de alta velocidad controlada por computadora<\/p>\n","protected":false},"featured_media":21477,"template":"","product-category":[227],"class_list":["post-27752","product","type-product","status-publish","has-post-thumbnail","hentry","product-category-computer-controlled-cycle-machine-es"],"acf":[],"yoast_head":"<!-- This site is optimized with the Yoast SEO plugin v26.1.1 - https:\/\/yoast.com\/wordpress\/plugins\/seo\/ -->\n<title>LKS-1900D - SiRUBA Sewing Machine | KAULIN Official<\/title>\n<meta name=\"robots\" content=\"index, follow, max-snippet:-1, max-image-preview:large, max-video-preview:-1\" \/>\n<link rel=\"canonical\" href=\"https:\/\/siruba.com\/es\/product\/lks-1900d\/\" \/>\n<meta property=\"og:locale\" content=\"es_ES\" \/>\n<meta property=\"og:type\" content=\"article\" \/>\n<meta property=\"og:title\" content=\"LKS-1900D - SiRUBA Sewing Machine | KAULIN Official\" \/>\n<meta property=\"og:description\" content=\"M\u00e1quina de puntada de cadeneta y presillado de alta velocidad controlada por computadora\" \/>\n<meta property=\"og:url\" content=\"https:\/\/siruba.com\/es\/product\/lks-1900d\/\" \/>\n<meta property=\"og:site_name\" content=\"SiRUBA Sewing Machine | KAULIN Official\" \/>\n<meta property=\"article:modified_time\" content=\"2025-01-22T07:22:45+00:00\" \/>\n<meta property=\"og:image\" content=\"https:\/\/siruba.com\/wp-content\/uploads\/2024\/12\/LKS-1900D-Series_Computer-controlled-machine_photo.png\" \/>\n\t<meta property=\"og:image:width\" content=\"600\" \/>\n\t<meta property=\"og:image:height\" content=\"600\" \/>\n\t<meta property=\"og:image:type\" content=\"image\/png\" \/>\n<meta name=\"twitter:card\" content=\"summary_large_image\" \/>\n<meta name=\"twitter:label1\" content=\"Tiempo de lectura\" \/>\n\t<meta name=\"twitter:data1\" content=\"2 minutos\" \/>\n<script type=\"application\/ld+json\" class=\"yoast-schema-graph\">{\"@context\":\"https:\/\/schema.org\",\"@graph\":[{\"@type\":\"WebPage\",\"@id\":\"https:\/\/siruba.com\/es\/product\/lks-1900d\/\",\"url\":\"https:\/\/siruba.com\/es\/product\/lks-1900d\/\",\"name\":\"LKS-1900D - SiRUBA Sewing Machine | KAULIN Official\",\"isPartOf\":{\"@id\":\"https:\/\/siruba.com\/#website\"},\"primaryImageOfPage\":{\"@id\":\"https:\/\/siruba.com\/es\/product\/lks-1900d\/#primaryimage\"},\"image\":{\"@id\":\"https:\/\/siruba.com\/es\/product\/lks-1900d\/#primaryimage\"},\"thumbnailUrl\":\"https:\/\/siruba.com\/wp-content\/uploads\/2024\/12\/LKS-1900D-Series_Computer-controlled-machine_photo.png\",\"datePublished\":\"2024-12-05T06:47:40+00:00\",\"dateModified\":\"2025-01-22T07:22:45+00:00\",\"breadcrumb\":{\"@id\":\"https:\/\/siruba.com\/es\/product\/lks-1900d\/#breadcrumb\"},\"inLanguage\":\"es\",\"potentialAction\":[{\"@type\":\"ReadAction\",\"target\":[\"https:\/\/siruba.com\/es\/product\/lks-1900d\/\"]}]},{\"@type\":\"ImageObject\",\"inLanguage\":\"es\",\"@id\":\"https:\/\/siruba.com\/es\/product\/lks-1900d\/#primaryimage\",\"url\":\"https:\/\/siruba.com\/wp-content\/uploads\/2024\/12\/LKS-1900D-Series_Computer-controlled-machine_photo.png\",\"contentUrl\":\"https:\/\/siruba.com\/wp-content\/uploads\/2024\/12\/LKS-1900D-Series_Computer-controlled-machine_photo.png\",\"width\":600,\"height\":600},{\"@type\":\"BreadcrumbList\",\"@id\":\"https:\/\/siruba.com\/es\/product\/lks-1900d\/#breadcrumb\",\"itemListElement\":[{\"@type\":\"ListItem\",\"position\":1,\"name\":\"Home\",\"item\":\"https:\/\/siruba.com\/es\/\"},{\"@type\":\"ListItem\",\"position\":2,\"name\":\"Products\",\"item\":\"https:\/\/siruba.com\/product\/\"},{\"@type\":\"ListItem\",\"position\":3,\"name\":\"LKS-1900D\"}]},{\"@type\":\"WebSite\",\"@id\":\"https:\/\/siruba.com\/#website\",\"url\":\"https:\/\/siruba.com\/\",\"name\":\"SiRUBA Sewing Machine | KAULIN Official\",\"description\":\"KAULIN MFG. CO., LTD.,  found in 1965, and for half a century, we develop and manufacture industrial sewing machines, to provide service and solution all around the world for our customers and partners.\",\"potentialAction\":[{\"@type\":\"SearchAction\",\"target\":{\"@type\":\"EntryPoint\",\"urlTemplate\":\"https:\/\/siruba.com\/?s={search_term_string}\"},\"query-input\":{\"@type\":\"PropertyValueSpecification\",\"valueRequired\":true,\"valueName\":\"search_term_string\"}}],\"inLanguage\":\"es\"}]}<\/script>\n<!-- \/ Yoast SEO plugin. -->","yoast_head_json":{"title":"LKS-1900D - SiRUBA Sewing Machine | KAULIN Official","robots":{"index":"index","follow":"follow","max-snippet":"max-snippet:-1","max-image-preview":"max-image-preview:large","max-video-preview":"max-video-preview:-1"},"canonical":"https:\/\/siruba.com\/es\/product\/lks-1900d\/","og_locale":"es_ES","og_type":"article","og_title":"LKS-1900D - SiRUBA Sewing Machine | KAULIN Official","og_description":"M\u00e1quina de puntada de cadeneta y presillado de alta velocidad controlada por computadora","og_url":"https:\/\/siruba.com\/es\/product\/lks-1900d\/","og_site_name":"SiRUBA Sewing Machine | KAULIN Official","article_modified_time":"2025-01-22T07:22:45+00:00","og_image":[{"width":600,"height":600,"url":"https:\/\/siruba.com\/wp-content\/uploads\/2024\/12\/LKS-1900D-Series_Computer-controlled-machine_photo.png","type":"image\/png"}],"twitter_card":"summary_large_image","twitter_misc":{"Tiempo de lectura":"2 minutos"},"schema":{"@context":"https:\/\/schema.org","@graph":[{"@type":"WebPage","@id":"https:\/\/siruba.com\/es\/product\/lks-1900d\/","url":"https:\/\/siruba.com\/es\/product\/lks-1900d\/","name":"LKS-1900D - SiRUBA Sewing Machine | KAULIN Official","isPartOf":{"@id":"https:\/\/siruba.com\/#website"},"primaryImageOfPage":{"@id":"https:\/\/siruba.com\/es\/product\/lks-1900d\/#primaryimage"},"image":{"@id":"https:\/\/siruba.com\/es\/product\/lks-1900d\/#primaryimage"},"thumbnailUrl":"https:\/\/siruba.com\/wp-content\/uploads\/2024\/12\/LKS-1900D-Series_Computer-controlled-machine_photo.png","datePublished":"2024-12-05T06:47:40+00:00","dateModified":"2025-01-22T07:22:45+00:00","breadcrumb":{"@id":"https:\/\/siruba.com\/es\/product\/lks-1900d\/#breadcrumb"},"inLanguage":"es","potentialAction":[{"@type":"ReadAction","target":["https:\/\/siruba.com\/es\/product\/lks-1900d\/"]}]},{"@type":"ImageObject","inLanguage":"es","@id":"https:\/\/siruba.com\/es\/product\/lks-1900d\/#primaryimage","url":"https:\/\/siruba.com\/wp-content\/uploads\/2024\/12\/LKS-1900D-Series_Computer-controlled-machine_photo.png","contentUrl":"https:\/\/siruba.com\/wp-content\/uploads\/2024\/12\/LKS-1900D-Series_Computer-controlled-machine_photo.png","width":600,"height":600},{"@type":"BreadcrumbList","@id":"https:\/\/siruba.com\/es\/product\/lks-1900d\/#breadcrumb","itemListElement":[{"@type":"ListItem","position":1,"name":"Home","item":"https:\/\/siruba.com\/es\/"},{"@type":"ListItem","position":2,"name":"Products","item":"https:\/\/siruba.com\/product\/"},{"@type":"ListItem","position":3,"name":"LKS-1900D"}]},{"@type":"WebSite","@id":"https:\/\/siruba.com\/#website","url":"https:\/\/siruba.com\/","name":"SiRUBA Sewing Machine | KAULIN Official","description":"KAULIN MFG. CO., LTD.,  found in 1965, and for half a century, we develop and manufacture industrial sewing machines, to provide service and solution all around the world for our customers and partners.","potentialAction":[{"@type":"SearchAction","target":{"@type":"EntryPoint","urlTemplate":"https:\/\/siruba.com\/?s={search_term_string}"},"query-input":{"@type":"PropertyValueSpecification","valueRequired":true,"valueName":"search_term_string"}}],"inLanguage":"es"}]}},"_links":{"self":[{"href":"https:\/\/siruba.com\/es\/wp-json\/wp\/v2\/product\/27752","targetHints":{"allow":["GET"]}}],"collection":[{"href":"https:\/\/siruba.com\/es\/wp-json\/wp\/v2\/product"}],"about":[{"href":"https:\/\/siruba.com\/es\/wp-json\/wp\/v2\/types\/product"}],"wp:featuredmedia":[{"embeddable":true,"href":"https:\/\/siruba.com\/es\/wp-json\/wp\/v2\/media\/21477"}],"wp:attachment":[{"href":"https:\/\/siruba.com\/es\/wp-json\/wp\/v2\/media?parent=27752"}],"wp:term":[{"taxonomy":"product-category","embeddable":true,"href":"https:\/\/siruba.com\/es\/wp-json\/wp\/v2\/product-category?post=27752"}],"curies":[{"name":"wp","href":"https:\/\/api.w.org\/{rel}","templated":true}]}}